{"id":527,"date":"2025-01-31T08:32:13","date_gmt":"2025-01-31T07:32:13","guid":{"rendered":"https:\/\/divainers.com\/producto\/divain-586\/"},"modified":"2026-03-16T16:07:29","modified_gmt":"2026-03-16T15:07:29","slug":"divain-586","status":"publish","type":"product","link":"https:\/\/divainers.com\/da\/producto\/divain-586\/","title":{"rendered":"divain.586"},"content":{"rendered":"<p>Un aroma radiante, luminoso y envolvente que transmite felicidad y sofisticaci\u00f3n en cada nota. Desde la apertura, una explosi\u00f3n chispeante de c\u00edtricos como la bergamota y la mandarina ilumina la fragancia con frescura y energ\u00eda. En su coraz\u00f3n, un bouquet floral de jazm\u00edn y rosa de Grasse aporta una feminidad delicada y elegante, mientras que la calidez del s\u00e1ndalo y un toque de almizcle en la base crean una estela suave, aterciopelada y reconfortante. Un perfume ideal para quienes buscan una fragancia floral y amaderada, perfecta para el d\u00eda a d\u00eda o para quienes desean irradiar alegr\u00eda, frescura y sofisticaci\u00f3n con cada paso.<\/p>\n","protected":false},"excerpt":{"rendered":"<p>Recuerda a Joy de Dior<\/p>\n","protected":false},"featured_media":2979,"comment_status":"open","ping_status":"closed","template":"","meta":[],"product_brand":[],"product_cat":[2392],"product_tag":[1444],"class_list":{"0":"post-527","1":"product","2":"type-product","3":"status-publish","4":"has-post-thumbnail","6":"product_cat-dior","7":"product_tag-kvinner","9":"first","10":"instock","11":"shipping-taxable","12":"product-type-simple"},"_links":{"self":[{"href":"https:\/\/divainers.com\/da\/wp-json\/wp\/v2\/product\/527","targetHints":{"allow":["GET"]}}],"collection":[{"href":"https:\/\/divainers.com\/da\/wp-json\/wp\/v2\/product"}],"about":[{"href":"https:\/\/divainers.com\/da\/wp-json\/wp\/v2\/types\/product"}],"replies":[{"embeddable":true,"href":"https:\/\/divainers.com\/da\/wp-json\/wp\/v2\/comments?post=527"}],"wp:featuredmedia":[{"embeddable":true,"href":"https:\/\/divainers.com\/da\/wp-json\/wp\/v2\/media\/2979"}],"wp:attachment":[{"href":"https:\/\/divainers.com\/da\/wp-json\/wp\/v2\/media?parent=527"}],"wp:term":[{"taxonomy":"product_brand","embeddable":true,"href":"https:\/\/divainers.com\/da\/wp-json\/wp\/v2\/product_brand?post=527"},{"taxonomy":"product_cat","embeddable":true,"href":"https:\/\/divainers.com\/da\/wp-json\/wp\/v2\/product_cat?post=527"},{"taxonomy":"product_tag","embeddable":true,"href":"https:\/\/divainers.com\/da\/wp-json\/wp\/v2\/product_tag?post=527"}],"curies":[{"name":"wp","href":"https:\/\/api.w.org\/{rel}","templated":true}]}}