{"id":531,"date":"2025-01-31T08:32:15","date_gmt":"2025-01-31T07:32:15","guid":{"rendered":"https:\/\/divainers.com\/producto\/divain-728\/"},"modified":"2026-03-16T16:07:29","modified_gmt":"2026-03-16T15:07:29","slug":"divain-728","status":"publish","type":"product","link":"https:\/\/divainers.com\/da\/producto\/divain-728\/","title":{"rendered":"divain.728"},"content":{"rendered":"<p>Es una fragancia envolvente y misteriosa, caracterizada por una mezcla intensa de notas florales y amaderadas. Abre con una dulzura vibrante de naranja amarga y una mezcla floral de rosa de damasco. A medida que se desarrolla, se revelan notas m\u00e1s oscuras y seductoras de vainilla y almizcle, con un toque aterciopelado de patchouli. Es una fragancia sensual y elegante, perfecta para la noche, transmitiendo una sensaci\u00f3n de misterio y sofisticaci\u00f3n que atrae a quienes buscan un perfume intenso y magn\u00e9tico.<\/p>\n","protected":false},"excerpt":{"rendered":"<p>Recuerda a Midnight Poison de Dior<\/p>\n","protected":false},"featured_media":3038,"comment_status":"open","ping_status":"closed","template":"","meta":[],"product_brand":[],"product_cat":[246],"product_tag":[38],"class_list":{"0":"post-531","1":"product","2":"type-product","3":"status-publish","4":"has-post-thumbnail","6":"product_cat-dior","7":"product_tag-mujer","9":"first","10":"instock","11":"shipping-taxable","12":"product-type-simple"},"_links":{"self":[{"href":"https:\/\/divainers.com\/da\/wp-json\/wp\/v2\/product\/531","targetHints":{"allow":["GET"]}}],"collection":[{"href":"https:\/\/divainers.com\/da\/wp-json\/wp\/v2\/product"}],"about":[{"href":"https:\/\/divainers.com\/da\/wp-json\/wp\/v2\/types\/product"}],"replies":[{"embeddable":true,"href":"https:\/\/divainers.com\/da\/wp-json\/wp\/v2\/comments?post=531"}],"wp:featuredmedia":[{"embeddable":true,"href":"https:\/\/divainers.com\/da\/wp-json\/wp\/v2\/media\/3038"}],"wp:attachment":[{"href":"https:\/\/divainers.com\/da\/wp-json\/wp\/v2\/media?parent=531"}],"wp:term":[{"taxonomy":"product_brand","embeddable":true,"href":"https:\/\/divainers.com\/da\/wp-json\/wp\/v2\/product_brand?post=531"},{"taxonomy":"product_cat","embeddable":true,"href":"https:\/\/divainers.com\/da\/wp-json\/wp\/v2\/product_cat?post=531"},{"taxonomy":"product_tag","embeddable":true,"href":"https:\/\/divainers.com\/da\/wp-json\/wp\/v2\/product_tag?post=531"}],"curies":[{"name":"wp","href":"https:\/\/api.w.org\/{rel}","templated":true}]}}