{"id":632,"date":"2025-01-31T08:32:27","date_gmt":"2025-01-31T07:32:27","guid":{"rendered":"https:\/\/divainers.com\/producto\/divain-134\/"},"modified":"2026-03-16T16:07:38","modified_gmt":"2026-03-16T15:07:38","slug":"divain-134","status":"publish","type":"product","link":"https:\/\/divainers.com\/da\/producto\/divain-134\/","title":{"rendered":"divain.134"},"content":{"rendered":"<p>Un aroma fresco y vibrante que evoca la pureza del agua y la conexi\u00f3n con la naturaleza. Su apertura chispeante de lim\u00f3n y menta aporta una sensaci\u00f3n revitalizante y luminosa. En el coraz\u00f3n, el jazm\u00edn acu\u00e1tico despliega su feminidad delicada y envolvente, fusion\u00e1ndose con notas de peon\u00eda para aportar un toque floral elegante. En el fondo, el cedro, el az\u00facar moreno y el l\u00e1dano crean una estela c\u00e1lida y envolvente, perfecta para la mujer libre, radiante y en armon\u00eda con su entorno, que deja una sensaci\u00f3n de frescura y serenidad a su paso.<\/p>\n","protected":false},"excerpt":{"rendered":"<p>Recuerda a Aqua Di Gioia EDP de Giorgio Armani<\/p>\n","protected":false},"featured_media":3621,"comment_status":"open","ping_status":"closed","template":"","meta":[],"product_brand":[],"product_cat":[381],"product_tag":[1452],"class_list":{"0":"post-632","1":"product","2":"type-product","3":"status-publish","4":"has-post-thumbnail","6":"product_cat-giorgio-armani","7":"product_tag-sievietes","9":"first","10":"instock","11":"shipping-taxable","12":"product-type-simple"},"_links":{"self":[{"href":"https:\/\/divainers.com\/da\/wp-json\/wp\/v2\/product\/632","targetHints":{"allow":["GET"]}}],"collection":[{"href":"https:\/\/divainers.com\/da\/wp-json\/wp\/v2\/product"}],"about":[{"href":"https:\/\/divainers.com\/da\/wp-json\/wp\/v2\/types\/product"}],"replies":[{"embeddable":true,"href":"https:\/\/divainers.com\/da\/wp-json\/wp\/v2\/comments?post=632"}],"wp:featuredmedia":[{"embeddable":true,"href":"https:\/\/divainers.com\/da\/wp-json\/wp\/v2\/media\/3621"}],"wp:attachment":[{"href":"https:\/\/divainers.com\/da\/wp-json\/wp\/v2\/media?parent=632"}],"wp:term":[{"taxonomy":"product_brand","embeddable":true,"href":"https:\/\/divainers.com\/da\/wp-json\/wp\/v2\/product_brand?post=632"},{"taxonomy":"product_cat","embeddable":true,"href":"https:\/\/divainers.com\/da\/wp-json\/wp\/v2\/product_cat?post=632"},{"taxonomy":"product_tag","embeddable":true,"href":"https:\/\/divainers.com\/da\/wp-json\/wp\/v2\/product_tag?post=632"}],"curies":[{"name":"wp","href":"https:\/\/api.w.org\/{rel}","templated":true}]}}