{"id":6911,"date":"2026-03-17T15:43:45","date_gmt":"2026-03-17T14:43:45","guid":{"rendered":"https:\/\/divainers.com\/producto\/divian-1093\/"},"modified":"2026-04-30T09:42:27","modified_gmt":"2026-04-30T07:42:27","slug":"divian-1093","status":"publish","type":"product","link":"https:\/\/divainers.com\/da\/producto\/divian-1093\/","title":{"rendered":"divain.1093"},"content":{"rendered":"<p>Den fremkalder en intens og str\u00e5lende femininitet med en omsluttende og forf\u00f8rende karakter, der udstr\u00e5ler magt og elegance. Det er en sofistikeret og vanedannende duft, perfekt til dem, der s\u00f8ger en i\u00f8jnefaldende, sensuel og tilstedev\u00e6rende aroma.<\/p>\n","protected":false},"excerpt":{"rendered":"<p>Ligner Gaultier Divine Elixir de Jean Paul Gaultier<\/p>\n","protected":false},"featured_media":6854,"comment_status":"open","ping_status":"closed","template":"","meta":[],"product_brand":[],"product_cat":[1292],"product_tag":[1426],"class_list":{"0":"post-6911","1":"product","2":"type-product","3":"status-publish","4":"has-post-thumbnail","6":"product_cat-jean-paul-gaultier","7":"product_tag-kvinder","9":"first","10":"instock","11":"shipping-taxable","12":"product-type-simple"},"_links":{"self":[{"href":"https:\/\/divainers.com\/da\/wp-json\/wp\/v2\/product\/6911","targetHints":{"allow":["GET"]}}],"collection":[{"href":"https:\/\/divainers.com\/da\/wp-json\/wp\/v2\/product"}],"about":[{"href":"https:\/\/divainers.com\/da\/wp-json\/wp\/v2\/types\/product"}],"replies":[{"embeddable":true,"href":"https:\/\/divainers.com\/da\/wp-json\/wp\/v2\/comments?post=6911"}],"wp:featuredmedia":[{"embeddable":true,"href":"https:\/\/divainers.com\/da\/wp-json\/wp\/v2\/media\/6854"}],"wp:attachment":[{"href":"https:\/\/divainers.com\/da\/wp-json\/wp\/v2\/media?parent=6911"}],"wp:term":[{"taxonomy":"product_brand","embeddable":true,"href":"https:\/\/divainers.com\/da\/wp-json\/wp\/v2\/product_brand?post=6911"},{"taxonomy":"product_cat","embeddable":true,"href":"https:\/\/divainers.com\/da\/wp-json\/wp\/v2\/product_cat?post=6911"},{"taxonomy":"product_tag","embeddable":true,"href":"https:\/\/divainers.com\/da\/wp-json\/wp\/v2\/product_tag?post=6911"}],"curies":[{"name":"wp","href":"https:\/\/api.w.org\/{rel}","templated":true}]}}