{"id":6974,"date":"2025-01-31T08:31:48","date_gmt":"2025-01-31T07:31:48","guid":{"rendered":"https:\/\/divainers.com\/producto\/divain-320\/"},"modified":"2026-04-30T09:42:45","modified_gmt":"2026-04-30T07:42:45","slug":"divain-320","status":"publish","type":"product","link":"https:\/\/divainers.com\/da\/producto\/divain-320\/","title":{"rendered":"divain.320"},"content":{"rendered":"<p>En vibrerende og maskulin duft med en frisk og frugtagtig \u00e5bning takket v\u00e6re bergamot og gr\u00f8n \u00e6ble, kombineret med et krydret strejf af kardemomme. I hjertet byder aromatiske noter af lavendel og rosmarin p\u00e5 en ren og moderne karakter, mens basen bliver varmere og omsluttende med rav, tonkab\u00f8nne og dybe tr\u00e6noter, hvilket skaber en velafbalanceret duft mellem friskhed og sensualitet, ideel til hverdag.<\/p>\n","protected":false},"excerpt":{"rendered":"<p>Minder om First Instinct Blue fra Abercrombie &#038; Fitch<\/p>\n","protected":false},"featured_media":6977,"comment_status":"open","ping_status":"closed","template":"","meta":[],"product_brand":[],"product_cat":[1314],"product_tag":[1337],"class_list":{"0":"post-6974","1":"product","2":"type-product","3":"status-publish","4":"has-post-thumbnail","6":"product_cat-abercrombie-fitch","7":"product_tag-maend","9":"first","10":"instock","11":"shipping-taxable","12":"product-type-simple"},"_links":{"self":[{"href":"https:\/\/divainers.com\/da\/wp-json\/wp\/v2\/product\/6974","targetHints":{"allow":["GET"]}}],"collection":[{"href":"https:\/\/divainers.com\/da\/wp-json\/wp\/v2\/product"}],"about":[{"href":"https:\/\/divainers.com\/da\/wp-json\/wp\/v2\/types\/product"}],"replies":[{"embeddable":true,"href":"https:\/\/divainers.com\/da\/wp-json\/wp\/v2\/comments?post=6974"}],"wp:featuredmedia":[{"embeddable":true,"href":"https:\/\/divainers.com\/da\/wp-json\/wp\/v2\/media\/6977"}],"wp:attachment":[{"href":"https:\/\/divainers.com\/da\/wp-json\/wp\/v2\/media?parent=6974"}],"wp:term":[{"taxonomy":"product_brand","embeddable":true,"href":"https:\/\/divainers.com\/da\/wp-json\/wp\/v2\/product_brand?post=6974"},{"taxonomy":"product_cat","embeddable":true,"href":"https:\/\/divainers.com\/da\/wp-json\/wp\/v2\/product_cat?post=6974"},{"taxonomy":"product_tag","embeddable":true,"href":"https:\/\/divainers.com\/da\/wp-json\/wp\/v2\/product_tag?post=6974"}],"curies":[{"name":"wp","href":"https:\/\/api.w.org\/{rel}","templated":true}]}}