{"id":7016,"date":"2025-01-31T08:31:48","date_gmt":"2025-01-31T07:31:48","guid":{"rendered":"https:\/\/divainers.com\/producto\/divain-205\/"},"modified":"2026-03-26T14:15:48","modified_gmt":"2026-03-26T13:15:48","slug":"divain-205","status":"publish","type":"product","link":"https:\/\/divainers.com\/da\/producto\/divain-205\/","title":{"rendered":"Divain.205"},"content":{"rendered":"<p><span data-sheets-root=\"1\">En levende og magnetisk duft, der udstr\u00e5ler selvtillid og ungdom med hver tone. Dens friske og stimulerende \u00e5bning blander citron, appelsin og kardemomme og skaber en citrusagtig eksplosion fuld af energi. I hjertet giver lavendel og rosmarin et rent og maskulint aromatisk pr\u00e6g, mens den tr\u00e6agtige base af moskus, vetiver og egemoss tilf\u00f8jer dybde og sensualitet. Perfekt til dem, der s\u00f8ger en frisk, dristig og forf\u00f8rende duft, ideel til daglig brug eller til at efterlade et uforglemmeligt indtryk.   <\/span><\/p>\n","protected":false},"excerpt":{"rendered":"<p>Husk Fierce fra Abercrombie &amp; Fitch<\/p>\n","protected":false},"featured_media":3374,"comment_status":"open","ping_status":"closed","template":"","meta":[],"product_brand":[],"product_cat":[1314],"product_tag":[1359],"class_list":{"0":"post-7016","1":"product","2":"type-product","3":"status-publish","4":"has-post-thumbnail","6":"product_cat-abercrombie-fitch","7":"product_tag-uomo","9":"first","10":"instock","11":"shipping-taxable","12":"product-type-simple"},"_links":{"self":[{"href":"https:\/\/divainers.com\/da\/wp-json\/wp\/v2\/product\/7016","targetHints":{"allow":["GET"]}}],"collection":[{"href":"https:\/\/divainers.com\/da\/wp-json\/wp\/v2\/product"}],"about":[{"href":"https:\/\/divainers.com\/da\/wp-json\/wp\/v2\/types\/product"}],"replies":[{"embeddable":true,"href":"https:\/\/divainers.com\/da\/wp-json\/wp\/v2\/comments?post=7016"}],"wp:featuredmedia":[{"embeddable":true,"href":"https:\/\/divainers.com\/da\/wp-json\/wp\/v2\/media\/3374"}],"wp:attachment":[{"href":"https:\/\/divainers.com\/da\/wp-json\/wp\/v2\/media?parent=7016"}],"wp:term":[{"taxonomy":"product_brand","embeddable":true,"href":"https:\/\/divainers.com\/da\/wp-json\/wp\/v2\/product_brand?post=7016"},{"taxonomy":"product_cat","embeddable":true,"href":"https:\/\/divainers.com\/da\/wp-json\/wp\/v2\/product_cat?post=7016"},{"taxonomy":"product_tag","embeddable":true,"href":"https:\/\/divainers.com\/da\/wp-json\/wp\/v2\/product_tag?post=7016"}],"curies":[{"name":"wp","href":"https:\/\/api.w.org\/{rel}","templated":true}]}}