{"id":7096,"date":"2025-01-31T08:31:49","date_gmt":"2025-01-31T07:31:49","guid":{"rendered":"https:\/\/divainers.com\/producto\/divain-281\/"},"modified":"2026-04-30T09:43:21","modified_gmt":"2026-04-30T07:43:21","slug":"divain-281","status":"publish","type":"product","link":"https:\/\/divainers.com\/da\/producto\/divain-281\/","title":{"rendered":"Divain.281"},"content":{"rendered":"<p>En dyb og sofistikeret duft, der skiller sig ud med sin intense tilstedev\u00e6relse af oud, en kostbar harpiks kendt for sin varme, jordede og tr\u00e6agtige aroma. Duften \u00e5bner med friske og krydrede noter, suppleret af oudens st\u00e6rke karakter, som flettes sammen med et strejf af rose og safranblomst i hjertet. I bunden findes noter af l\u00e6der, cedertr\u00e6 og musk, hvilket giver en varm og omsluttende base. En parfume, der v\u00e6kker luksus, elegance og eksklusivitet, ideel til s\u00e6rlige lejligheder og til dem, der s\u00f8ger en markant og langvarig duft.<\/p>\n","protected":false},"excerpt":{"rendered":"<p>Minder om Oud fra Acqua di Parma<\/p>\n","protected":false},"featured_media":7097,"comment_status":"open","ping_status":"closed","template":"","meta":[],"product_brand":[],"product_cat":[1400],"product_tag":[1337],"class_list":{"0":"post-7096","1":"product","2":"type-product","3":"status-publish","4":"has-post-thumbnail","6":"product_cat-acqua-di-parma","7":"product_tag-maend","9":"first","10":"instock","11":"shipping-taxable","12":"product-type-simple"},"_links":{"self":[{"href":"https:\/\/divainers.com\/da\/wp-json\/wp\/v2\/product\/7096","targetHints":{"allow":["GET"]}}],"collection":[{"href":"https:\/\/divainers.com\/da\/wp-json\/wp\/v2\/product"}],"about":[{"href":"https:\/\/divainers.com\/da\/wp-json\/wp\/v2\/types\/product"}],"replies":[{"embeddable":true,"href":"https:\/\/divainers.com\/da\/wp-json\/wp\/v2\/comments?post=7096"}],"wp:featuredmedia":[{"embeddable":true,"href":"https:\/\/divainers.com\/da\/wp-json\/wp\/v2\/media\/7097"}],"wp:attachment":[{"href":"https:\/\/divainers.com\/da\/wp-json\/wp\/v2\/media?parent=7096"}],"wp:term":[{"taxonomy":"product_brand","embeddable":true,"href":"https:\/\/divainers.com\/da\/wp-json\/wp\/v2\/product_brand?post=7096"},{"taxonomy":"product_cat","embeddable":true,"href":"https:\/\/divainers.com\/da\/wp-json\/wp\/v2\/product_cat?post=7096"},{"taxonomy":"product_tag","embeddable":true,"href":"https:\/\/divainers.com\/da\/wp-json\/wp\/v2\/product_tag?post=7096"}],"curies":[{"name":"wp","href":"https:\/\/api.w.org\/{rel}","templated":true}]}}