{"id":7103,"date":"2025-01-31T08:31:49","date_gmt":"2025-01-31T07:31:49","guid":{"rendered":"https:\/\/divainers.com\/producto\/divain-770\/"},"modified":"2026-04-30T09:43:24","modified_gmt":"2026-04-30T07:43:24","slug":"divain-770","status":"publish","type":"product","link":"https:\/\/divainers.com\/da\/producto\/divain-770\/","title":{"rendered":"divain.770"},"content":{"rendered":"<p>Denne unisex duft \u00e5bner med en kombination af citrus- og krydrede noter, hvor bergamot fra Calabria og gul mandarin tilf\u00f8rer friskhed, mens pink peber giver et subtilt og sp\u00e6ndende touch. I hjertet flettes kirseb\u00e6rblomsten og jasmin sambac sammen og v\u00e6kker roen og sk\u00f8nheden i de japanske blomsterhaver. Basen af moskus tilbyder en varm og sensuel bl\u00f8dhed, der forl\u00e6nger den duftende oplevelse p\u00e5 huden. Denne duft indfanger essensen af det japanske for\u00e5r og giver en f\u00f8lelse af friskhed og elegance ved hver p\u00e5f\u00f8ring.<\/p>\n","protected":false},"excerpt":{"rendered":"<p>Minder om Sakura EDP fra Acqua di Parma<\/p>\n","protected":false},"featured_media":7105,"comment_status":"open","ping_status":"closed","template":"","meta":[],"product_brand":[],"product_cat":[1388],"product_tag":[1405],"class_list":{"0":"post-7103","1":"product","2":"type-product","3":"status-publish","4":"has-post-thumbnail","6":"product_cat-acqua-di-parma","7":"product_tag-unisex","9":"first","10":"instock","11":"shipping-taxable","12":"product-type-simple"},"_links":{"self":[{"href":"https:\/\/divainers.com\/da\/wp-json\/wp\/v2\/product\/7103","targetHints":{"allow":["GET"]}}],"collection":[{"href":"https:\/\/divainers.com\/da\/wp-json\/wp\/v2\/product"}],"about":[{"href":"https:\/\/divainers.com\/da\/wp-json\/wp\/v2\/types\/product"}],"replies":[{"embeddable":true,"href":"https:\/\/divainers.com\/da\/wp-json\/wp\/v2\/comments?post=7103"}],"wp:featuredmedia":[{"embeddable":true,"href":"https:\/\/divainers.com\/da\/wp-json\/wp\/v2\/media\/7105"}],"wp:attachment":[{"href":"https:\/\/divainers.com\/da\/wp-json\/wp\/v2\/media?parent=7103"}],"wp:term":[{"taxonomy":"product_brand","embeddable":true,"href":"https:\/\/divainers.com\/da\/wp-json\/wp\/v2\/product_brand?post=7103"},{"taxonomy":"product_cat","embeddable":true,"href":"https:\/\/divainers.com\/da\/wp-json\/wp\/v2\/product_cat?post=7103"},{"taxonomy":"product_tag","embeddable":true,"href":"https:\/\/divainers.com\/da\/wp-json\/wp\/v2\/product_tag?post=7103"}],"curies":[{"name":"wp","href":"https:\/\/api.w.org\/{rel}","templated":true}]}}