{"id":7123,"date":"2025-01-31T08:31:49","date_gmt":"2025-01-31T07:31:49","guid":{"rendered":"https:\/\/divainers.com\/producto\/divain-443\/"},"modified":"2026-04-30T09:43:30","modified_gmt":"2026-04-30T07:43:30","slug":"divain-443","status":"publish","type":"product","link":"https:\/\/divainers.com\/da\/producto\/divain-443\/","title":{"rendered":"Divain.443"},"content":{"rendered":"<p>En frisk og lys duft, der bringer dig til Middelhavets brise, hvor solen k\u00e6rtegner huden, og havet hvisker i horisonten. Fra f\u00f8rste \u00f8jeblik v\u00e6kker myrtens vitalitet og de sprudlende italienske citrusfrugter sanserne med en str\u00e5lende energi. I hjertet tilf\u00f8jer eneb\u00e6r og blomsteragtige noter et aromatisk og raffineret pr\u00e6g, der fremkalder naturen i sin ypperste form. Til sidst efterlader en rav- og moskusagtig bund en bl\u00f8d, omsluttende og elegant duft. En revitaliserende og sofistikeret parfume, ideel til dem, der s\u00f8ger friskhed, ro og en f\u00f8lelse af middelhavets flugt.<\/p>\n","protected":false},"excerpt":{"rendered":"<p>Minder om Blue Mediterraneo Mirto di Panarea fra Acqua Di Parma<\/p>\n","protected":false},"featured_media":7125,"comment_status":"open","ping_status":"closed","template":"","meta":[],"product_brand":[],"product_cat":[1400],"product_tag":[1405],"class_list":{"0":"post-7123","1":"product","2":"type-product","3":"status-publish","4":"has-post-thumbnail","6":"product_cat-acqua-di-parma","7":"product_tag-unisex","9":"first","10":"instock","11":"shipping-taxable","12":"product-type-simple"},"_links":{"self":[{"href":"https:\/\/divainers.com\/da\/wp-json\/wp\/v2\/product\/7123","targetHints":{"allow":["GET"]}}],"collection":[{"href":"https:\/\/divainers.com\/da\/wp-json\/wp\/v2\/product"}],"about":[{"href":"https:\/\/divainers.com\/da\/wp-json\/wp\/v2\/types\/product"}],"replies":[{"embeddable":true,"href":"https:\/\/divainers.com\/da\/wp-json\/wp\/v2\/comments?post=7123"}],"wp:featuredmedia":[{"embeddable":true,"href":"https:\/\/divainers.com\/da\/wp-json\/wp\/v2\/media\/7125"}],"wp:attachment":[{"href":"https:\/\/divainers.com\/da\/wp-json\/wp\/v2\/media?parent=7123"}],"wp:term":[{"taxonomy":"product_brand","embeddable":true,"href":"https:\/\/divainers.com\/da\/wp-json\/wp\/v2\/product_brand?post=7123"},{"taxonomy":"product_cat","embeddable":true,"href":"https:\/\/divainers.com\/da\/wp-json\/wp\/v2\/product_cat?post=7123"},{"taxonomy":"product_tag","embeddable":true,"href":"https:\/\/divainers.com\/da\/wp-json\/wp\/v2\/product_tag?post=7123"}],"curies":[{"name":"wp","href":"https:\/\/api.w.org\/{rel}","templated":true}]}}