{"id":7208,"date":"2025-01-31T08:31:48","date_gmt":"2025-01-31T07:31:48","guid":{"rendered":"https:\/\/divainers.com\/producto\/divain-276\/"},"modified":"2026-04-30T09:43:57","modified_gmt":"2026-04-30T07:43:57","slug":"divain-276","status":"publish","type":"product","link":"https:\/\/divainers.com\/da\/producto\/divain-276\/","title":{"rendered":"Divain.276"},"content":{"rendered":"<p>Det er en klassisk og raffineret duft, der skiller sig ud med sin friskhed og tidl\u00f8se elegance. Med en citrus- og frisk base indeholder topnoterne citron, appelsin og bergamot, som giver en forfriskende f\u00f8lelse. I hjertet findes blomsteraromaer som lavendel, jasmin og rose, hvilket giver et strejf af sofistikering. Den tr\u00e6agtige base med noter af vetiver, sandeltr\u00e6 og patchouli giver dybde og langvarighed. Perfekt til manden, der v\u00e6rds\u00e6tter friske dufte med en subtil kompleksitet, der varer hele dagen.<\/p>\n","protected":false},"excerpt":{"rendered":"<p>Minder om Acqua Di Parma fra Acqua di Parma<\/p>\n","protected":false},"featured_media":7211,"comment_status":"open","ping_status":"closed","template":"","meta":[],"product_brand":[],"product_cat":[1384],"product_tag":[1386],"class_list":{"0":"post-7208","1":"product","2":"type-product","3":"status-publish","4":"has-post-thumbnail","6":"product_cat-acqua-di-parma","7":"product_tag-unissex","9":"first","10":"instock","11":"shipping-taxable","12":"product-type-simple"},"_links":{"self":[{"href":"https:\/\/divainers.com\/da\/wp-json\/wp\/v2\/product\/7208","targetHints":{"allow":["GET"]}}],"collection":[{"href":"https:\/\/divainers.com\/da\/wp-json\/wp\/v2\/product"}],"about":[{"href":"https:\/\/divainers.com\/da\/wp-json\/wp\/v2\/types\/product"}],"replies":[{"embeddable":true,"href":"https:\/\/divainers.com\/da\/wp-json\/wp\/v2\/comments?post=7208"}],"wp:featuredmedia":[{"embeddable":true,"href":"https:\/\/divainers.com\/da\/wp-json\/wp\/v2\/media\/7211"}],"wp:attachment":[{"href":"https:\/\/divainers.com\/da\/wp-json\/wp\/v2\/media?parent=7208"}],"wp:term":[{"taxonomy":"product_brand","embeddable":true,"href":"https:\/\/divainers.com\/da\/wp-json\/wp\/v2\/product_brand?post=7208"},{"taxonomy":"product_cat","embeddable":true,"href":"https:\/\/divainers.com\/da\/wp-json\/wp\/v2\/product_cat?post=7208"},{"taxonomy":"product_tag","embeddable":true,"href":"https:\/\/divainers.com\/da\/wp-json\/wp\/v2\/product_tag?post=7208"}],"curies":[{"name":"wp","href":"https:\/\/api.w.org\/{rel}","templated":true}]}}