{"id":7276,"date":"2025-01-31T08:31:50","date_gmt":"2025-01-31T07:31:50","guid":{"rendered":"https:\/\/divainers.com\/producto\/divain-086\/"},"modified":"2026-04-30T09:44:23","modified_gmt":"2026-04-30T07:44:23","slug":"divain-086","status":"publish","type":"product","link":"https:\/\/divainers.com\/da\/producto\/divain-086\/","title":{"rendered":"divain.086"},"content":{"rendered":"<p>En delikat og tidl\u00f8s duft, der indfanger friskheden og den naturlige elegance af roser i deres ypperste form. Den lysende \u00e5bning med citrus og gr\u00f8nne blade giver en forfriskende og let f\u00f8lelse. I hjertet omfavner bulgarsk rose og liljekonval den duft med ren og sofistikeret femininitet. I bunden skaber musk og sandeltr\u00e6 en bl\u00f8d og omsluttende duft, perfekt til den romantiske, rolige kvinde med en naturlig charme, der efterlader et varigt indtryk.<\/p>\n","protected":false},"excerpt":{"rendered":"<p>Minder om Agua fresca de rosas de Adolfo Dominguez<\/p>\n","protected":false},"featured_media":7279,"comment_status":"open","ping_status":"closed","template":"","meta":[],"product_brand":[],"product_cat":[1425],"product_tag":[1426],"class_list":{"0":"post-7276","1":"product","2":"type-product","3":"status-publish","4":"has-post-thumbnail","6":"product_cat-adolfo-dominguez","7":"product_tag-kvinder","9":"first","10":"instock","11":"shipping-taxable","12":"product-type-simple"},"_links":{"self":[{"href":"https:\/\/divainers.com\/da\/wp-json\/wp\/v2\/product\/7276","targetHints":{"allow":["GET"]}}],"collection":[{"href":"https:\/\/divainers.com\/da\/wp-json\/wp\/v2\/product"}],"about":[{"href":"https:\/\/divainers.com\/da\/wp-json\/wp\/v2\/types\/product"}],"replies":[{"embeddable":true,"href":"https:\/\/divainers.com\/da\/wp-json\/wp\/v2\/comments?post=7276"}],"wp:featuredmedia":[{"embeddable":true,"href":"https:\/\/divainers.com\/da\/wp-json\/wp\/v2\/media\/7279"}],"wp:attachment":[{"href":"https:\/\/divainers.com\/da\/wp-json\/wp\/v2\/media?parent=7276"}],"wp:term":[{"taxonomy":"product_brand","embeddable":true,"href":"https:\/\/divainers.com\/da\/wp-json\/wp\/v2\/product_brand?post=7276"},{"taxonomy":"product_cat","embeddable":true,"href":"https:\/\/divainers.com\/da\/wp-json\/wp\/v2\/product_cat?post=7276"},{"taxonomy":"product_tag","embeddable":true,"href":"https:\/\/divainers.com\/da\/wp-json\/wp\/v2\/product_tag?post=7276"}],"curies":[{"name":"wp","href":"https:\/\/api.w.org\/{rel}","templated":true}]}}