{"id":7292,"date":"2025-01-31T08:31:50","date_gmt":"2025-01-31T07:31:50","guid":{"rendered":"https:\/\/divainers.com\/producto\/divain-049\/"},"modified":"2026-04-30T09:44:33","modified_gmt":"2026-04-30T07:44:33","slug":"divain-049","status":"publish","type":"product","link":"https:\/\/divainers.com\/da\/producto\/divain-049\/","title":{"rendered":"divain.049"},"content":{"rendered":"<p>En frisk og naturlig duft, der v\u00e6kker naturens ro og balance. Den vibrerende \u00e5bning med citrus og gr\u00f8nne noter giver en let og forfriskende f\u00f8lelse, mens et aromatisk hjerte af bambus og blide krydderier tilf\u00f8rer et eksotisk og sofistikeret pr\u00e6g. I bunden skaber cedertr\u00e6, rav og moskus en varm og omsluttende duft, perfekt til manden, der s\u00f8ger friskhed, elegance og harmoni i sin hverdag.<\/p>\n","protected":false},"excerpt":{"rendered":"<p>Ligner Bamb\u00fa fra Adolfo Dominguez<\/p>\n","protected":false},"featured_media":7295,"comment_status":"open","ping_status":"closed","template":"","meta":[],"product_brand":[],"product_cat":[1425],"product_tag":[1337],"class_list":{"0":"post-7292","1":"product","2":"type-product","3":"status-publish","4":"has-post-thumbnail","6":"product_cat-adolfo-dominguez","7":"product_tag-maend","9":"first","10":"instock","11":"shipping-taxable","12":"product-type-simple"},"_links":{"self":[{"href":"https:\/\/divainers.com\/da\/wp-json\/wp\/v2\/product\/7292","targetHints":{"allow":["GET"]}}],"collection":[{"href":"https:\/\/divainers.com\/da\/wp-json\/wp\/v2\/product"}],"about":[{"href":"https:\/\/divainers.com\/da\/wp-json\/wp\/v2\/types\/product"}],"replies":[{"embeddable":true,"href":"https:\/\/divainers.com\/da\/wp-json\/wp\/v2\/comments?post=7292"}],"wp:featuredmedia":[{"embeddable":true,"href":"https:\/\/divainers.com\/da\/wp-json\/wp\/v2\/media\/7295"}],"wp:attachment":[{"href":"https:\/\/divainers.com\/da\/wp-json\/wp\/v2\/media?parent=7292"}],"wp:term":[{"taxonomy":"product_brand","embeddable":true,"href":"https:\/\/divainers.com\/da\/wp-json\/wp\/v2\/product_brand?post=7292"},{"taxonomy":"product_cat","embeddable":true,"href":"https:\/\/divainers.com\/da\/wp-json\/wp\/v2\/product_cat?post=7292"},{"taxonomy":"product_tag","embeddable":true,"href":"https:\/\/divainers.com\/da\/wp-json\/wp\/v2\/product_tag?post=7292"}],"curies":[{"name":"wp","href":"https:\/\/api.w.org\/{rel}","templated":true}]}}