{"id":738,"date":"2025-01-31T08:32:40","date_gmt":"2025-01-31T07:32:40","guid":{"rendered":"https:\/\/divainers.com\/producto\/divain-075\/"},"modified":"2026-04-30T15:53:22","modified_gmt":"2026-04-30T13:53:22","slug":"divain-075","status":"publish","type":"product","link":"https:\/\/divainers.com\/da\/producto\/divain-075\/","title":{"rendered":"divain.075"},"content":{"rendered":"<p>Ikoni\u010dan i zavodljiv miris koji slavi \u017eenstvenost s dozom elegancije i hrabrosti. Njegov osvje\u017eavaju\u0107i po\u010detak s mandarinom i \u0111umbirom donosi svje\u017einu i za\u010dinski, \u017eivahan ton. U srcu, cvijet naran\u010de i jasmin obavijaju miris toplom i senzualnom notom. U bazi, vanilija, jantar i cimet stvaraju sladak, kremast i zarazan trag, savr\u0161en za sofisticiranu, strastvenu \u017eenu s nezaboravnim magnetizmom.<\/p>\n","protected":false},"excerpt":{"rendered":"<p>Podsje\u0107a na Classique od Jean Paul Gaultier<\/p>\n","protected":false},"featured_media":15090,"comment_status":"open","ping_status":"closed","template":"","meta":[],"product_brand":[],"product_cat":[1290],"product_tag":[1444],"class_list":{"0":"post-738","1":"product","2":"type-product","3":"status-publish","4":"has-post-thumbnail","6":"product_cat-jean-paul-gaultier","7":"product_tag-kvinner","9":"first","10":"instock","11":"shipping-taxable","12":"product-type-simple"},"_links":{"self":[{"href":"https:\/\/divainers.com\/da\/wp-json\/wp\/v2\/product\/738","targetHints":{"allow":["GET"]}}],"collection":[{"href":"https:\/\/divainers.com\/da\/wp-json\/wp\/v2\/product"}],"about":[{"href":"https:\/\/divainers.com\/da\/wp-json\/wp\/v2\/types\/product"}],"replies":[{"embeddable":true,"href":"https:\/\/divainers.com\/da\/wp-json\/wp\/v2\/comments?post=738"}],"wp:featuredmedia":[{"embeddable":true,"href":"https:\/\/divainers.com\/da\/wp-json\/wp\/v2\/media\/15090"}],"wp:attachment":[{"href":"https:\/\/divainers.com\/da\/wp-json\/wp\/v2\/media?parent=738"}],"wp:term":[{"taxonomy":"product_brand","embeddable":true,"href":"https:\/\/divainers.com\/da\/wp-json\/wp\/v2\/product_brand?post=738"},{"taxonomy":"product_cat","embeddable":true,"href":"https:\/\/divainers.com\/da\/wp-json\/wp\/v2\/product_cat?post=738"},{"taxonomy":"product_tag","embeddable":true,"href":"https:\/\/divainers.com\/da\/wp-json\/wp\/v2\/product_tag?post=738"}],"curies":[{"name":"wp","href":"https:\/\/api.w.org\/{rel}","templated":true}]}}