{"id":747,"date":"2025-01-31T08:32:41","date_gmt":"2025-01-31T07:32:41","guid":{"rendered":"https:\/\/divainers.com\/producto\/divain-604\/"},"modified":"2026-04-30T16:10:12","modified_gmt":"2026-04-30T14:10:12","slug":"divain-604","status":"publish","type":"product","link":"https:\/\/divainers.com\/da\/producto\/divain-604\/","title":{"rendered":"divain.604"},"content":{"rendered":"<p>Zavodljiv, ovisni\u010dki i izrazito \u017eenstven miris koji utjelovljuje senzualnost u svom najvi\u0161em obliku. Od samog otvaranja, so\u010dna slatko\u0107a kru\u0161ke obavija osjetila neodoljivom vo\u0107nom svje\u017einom. U srcu, vanilija se razvija u svojoj kremastoj toplini, donose\u0107i obavijaju\u0107i i zavodljivi dodir. Na kraju, baza vetivera dodaje dubinu i suptilan drvenasti kontrast, stvaraju\u0107i sofisticiranu i magnetsku notu. Idealni parfem za one koji tra\u017ee sladak, senzualan i karakteristi\u010dan miris, savr\u0161en za ostavljanje traga svojom neodoljivom i sofisticiranom aurom.<\/p>\n","protected":false},"excerpt":{"rendered":"<p>Podsje\u0107a na La Belle od Jean Paul Gaultier<\/p>\n","protected":false},"featured_media":15579,"comment_status":"open","ping_status":"closed","template":"","meta":[],"product_brand":[],"product_cat":[1304],"product_tag":[1434],"class_list":{"0":"post-747","1":"product","2":"type-product","3":"status-publish","4":"has-post-thumbnail","6":"product_cat-jean-paul-gaultier","7":"product_tag-zene","9":"first","10":"instock","11":"shipping-taxable","12":"product-type-simple"},"_links":{"self":[{"href":"https:\/\/divainers.com\/da\/wp-json\/wp\/v2\/product\/747","targetHints":{"allow":["GET"]}}],"collection":[{"href":"https:\/\/divainers.com\/da\/wp-json\/wp\/v2\/product"}],"about":[{"href":"https:\/\/divainers.com\/da\/wp-json\/wp\/v2\/types\/product"}],"replies":[{"embeddable":true,"href":"https:\/\/divainers.com\/da\/wp-json\/wp\/v2\/comments?post=747"}],"wp:featuredmedia":[{"embeddable":true,"href":"https:\/\/divainers.com\/da\/wp-json\/wp\/v2\/media\/15579"}],"wp:attachment":[{"href":"https:\/\/divainers.com\/da\/wp-json\/wp\/v2\/media?parent=747"}],"wp:term":[{"taxonomy":"product_brand","embeddable":true,"href":"https:\/\/divainers.com\/da\/wp-json\/wp\/v2\/product_brand?post=747"},{"taxonomy":"product_cat","embeddable":true,"href":"https:\/\/divainers.com\/da\/wp-json\/wp\/v2\/product_cat?post=747"},{"taxonomy":"product_tag","embeddable":true,"href":"https:\/\/divainers.com\/da\/wp-json\/wp\/v2\/product_tag?post=747"}],"curies":[{"name":"wp","href":"https:\/\/api.w.org\/{rel}","templated":true}]}}