{"id":7622,"date":"2025-01-31T08:32:01","date_gmt":"2025-01-31T07:32:01","guid":{"rendered":"https:\/\/divainers.com\/producto\/divain-003\/"},"modified":"2026-04-30T09:47:02","modified_gmt":"2026-04-30T07:47:02","slug":"divain-003","status":"publish","type":"product","link":"https:\/\/divainers.com\/da\/producto\/divain-003\/","title":{"rendered":"divain.003"},"content":{"rendered":"<p>Forestil dig en sanselig rejse, hvor tidl\u00f8s elegance m\u00f8der eventyr. Denne duft kombinerer l\u00e6derets og vaniljens varme med den krydrede magnetisme fra safran og muskatn\u00f8d. Et strejf af friske citrusfrugter v\u00e6ver sig sammen med et hjerte af \u00e6dle tr\u00e6sorter og en omsluttende bund af rav og vetiver, hvilket skaber en sofistikeret, maskulin og forf\u00f8rende aroma. Perfekt til dem, der s\u00f8ger distinktion og karakter i hver eneste duftnote.<\/p>\n","protected":false},"excerpt":{"rendered":"<p>Minder om CH Men fra Carolina Herrera<\/p>\n","protected":false},"featured_media":7620,"comment_status":"open","ping_status":"closed","template":"","meta":[],"product_brand":[],"product_cat":[1539],"product_tag":[1366],"class_list":{"0":"post-7622","1":"product","2":"type-product","3":"status-publish","4":"has-post-thumbnail","6":"product_cat-carolina-herrera","7":"product_tag-vyrai","9":"first","10":"instock","11":"shipping-taxable","12":"product-type-simple"},"_links":{"self":[{"href":"https:\/\/divainers.com\/da\/wp-json\/wp\/v2\/product\/7622","targetHints":{"allow":["GET"]}}],"collection":[{"href":"https:\/\/divainers.com\/da\/wp-json\/wp\/v2\/product"}],"about":[{"href":"https:\/\/divainers.com\/da\/wp-json\/wp\/v2\/types\/product"}],"replies":[{"embeddable":true,"href":"https:\/\/divainers.com\/da\/wp-json\/wp\/v2\/comments?post=7622"}],"wp:featuredmedia":[{"embeddable":true,"href":"https:\/\/divainers.com\/da\/wp-json\/wp\/v2\/media\/7620"}],"wp:attachment":[{"href":"https:\/\/divainers.com\/da\/wp-json\/wp\/v2\/media?parent=7622"}],"wp:term":[{"taxonomy":"product_brand","embeddable":true,"href":"https:\/\/divainers.com\/da\/wp-json\/wp\/v2\/product_brand?post=7622"},{"taxonomy":"product_cat","embeddable":true,"href":"https:\/\/divainers.com\/da\/wp-json\/wp\/v2\/product_cat?post=7622"},{"taxonomy":"product_tag","embeddable":true,"href":"https:\/\/divainers.com\/da\/wp-json\/wp\/v2\/product_tag?post=7622"}],"curies":[{"name":"wp","href":"https:\/\/api.w.org\/{rel}","templated":true}]}}