{"id":7665,"date":"2025-01-31T08:32:01","date_gmt":"2025-01-31T07:32:01","guid":{"rendered":"https:\/\/divainers.com\/producto\/divain-004\/"},"modified":"2026-04-30T09:47:17","modified_gmt":"2026-04-30T07:47:17","slug":"divain-004","status":"publish","type":"product","link":"https:\/\/divainers.com\/da\/producto\/divain-004\/","title":{"rendered":"divain.004"},"content":{"rendered":"<p>En eksplosion af friskhed og dynamik, der v\u00e6kker byens pulserende energi til live. Denne duft kombinerer forfriskende citrusnoter med et krydret hjerte af peber og ingef\u00e6r, hvilket skaber en sofistikeret og moderne kontrast. Dens tr\u00e6agtige base med strejf af musk og sandeltr\u00e6 tilf\u00f8rer dybde og magnetisme, og efterlader en elegant og forf\u00f8rende duftspor. Ideel til den kosmopolitiske mand, selvsikker og med en umiskendelig stil.<\/p>\n","protected":false},"excerpt":{"rendered":"<p>Minder om 212 Men fra Carolina Herrera<\/p>\n","protected":false},"featured_media":7664,"comment_status":"open","ping_status":"closed","template":"","meta":[],"product_brand":[],"product_cat":[160],"product_tag":[1358],"class_list":{"0":"post-7665","1":"product","2":"type-product","3":"status-publish","4":"has-post-thumbnail","6":"product_cat-carolina-herrera","7":"product_tag-mannen","9":"first","10":"instock","11":"shipping-taxable","12":"product-type-simple"},"_links":{"self":[{"href":"https:\/\/divainers.com\/da\/wp-json\/wp\/v2\/product\/7665","targetHints":{"allow":["GET"]}}],"collection":[{"href":"https:\/\/divainers.com\/da\/wp-json\/wp\/v2\/product"}],"about":[{"href":"https:\/\/divainers.com\/da\/wp-json\/wp\/v2\/types\/product"}],"replies":[{"embeddable":true,"href":"https:\/\/divainers.com\/da\/wp-json\/wp\/v2\/comments?post=7665"}],"wp:featuredmedia":[{"embeddable":true,"href":"https:\/\/divainers.com\/da\/wp-json\/wp\/v2\/media\/7664"}],"wp:attachment":[{"href":"https:\/\/divainers.com\/da\/wp-json\/wp\/v2\/media?parent=7665"}],"wp:term":[{"taxonomy":"product_brand","embeddable":true,"href":"https:\/\/divainers.com\/da\/wp-json\/wp\/v2\/product_brand?post=7665"},{"taxonomy":"product_cat","embeddable":true,"href":"https:\/\/divainers.com\/da\/wp-json\/wp\/v2\/product_cat?post=7665"},{"taxonomy":"product_tag","embeddable":true,"href":"https:\/\/divainers.com\/da\/wp-json\/wp\/v2\/product_tag?post=7665"}],"curies":[{"name":"wp","href":"https:\/\/api.w.org\/{rel}","templated":true}]}}