{"id":7791,"date":"2025-01-31T08:31:51","date_gmt":"2025-01-31T07:31:51","guid":{"rendered":"https:\/\/divainers.com\/producto\/divain-411\/"},"modified":"2026-04-30T09:47:54","modified_gmt":"2026-04-30T07:47:54","slug":"divain-411","status":"publish","type":"product","link":"https:\/\/divainers.com\/da\/producto\/divain-411\/","title":{"rendered":"divain.411"},"content":{"rendered":"<p>En duft, der balancerer friskhed og dybde med en f\u00e6ngslende kombination af aromatiske og harpiksagtige noter. \u00c5bningen er livlig og krydret med et mentholagtigt touch, der giver en forfriskende og energigivende f\u00f8lelse. Efterh\u00e5nden som den udvikler sig, afsl\u00f8res et varmt og jordn\u00e6rt hjerte, hvor tr\u00e6- og harpiksnoter flettes sammen med balsamiske og r\u00f8gede akkorder. Basen er rig og vedvarende med rav- og l\u00e6dernote, der tilf\u00f8jer en varig elegance. Ideel til dem, der s\u00f8ger en sofistikeret og omsluttende duft med en sp\u00e6ndende kontrast mellem friskhed og varme.<\/p>\n","protected":false},"excerpt":{"rendered":"<p>Minder om Enclave fra Amouage<\/p>\n","protected":false},"featured_media":7789,"comment_status":"open","ping_status":"closed","template":"","meta":[],"product_brand":[],"product_cat":[1552],"product_tag":[1405],"class_list":{"0":"post-7791","1":"product","2":"type-product","3":"status-publish","4":"has-post-thumbnail","6":"product_cat-amouage","7":"product_tag-unisex","9":"first","10":"instock","11":"shipping-taxable","12":"product-type-simple"},"_links":{"self":[{"href":"https:\/\/divainers.com\/da\/wp-json\/wp\/v2\/product\/7791","targetHints":{"allow":["GET"]}}],"collection":[{"href":"https:\/\/divainers.com\/da\/wp-json\/wp\/v2\/product"}],"about":[{"href":"https:\/\/divainers.com\/da\/wp-json\/wp\/v2\/types\/product"}],"replies":[{"embeddable":true,"href":"https:\/\/divainers.com\/da\/wp-json\/wp\/v2\/comments?post=7791"}],"wp:featuredmedia":[{"embeddable":true,"href":"https:\/\/divainers.com\/da\/wp-json\/wp\/v2\/media\/7789"}],"wp:attachment":[{"href":"https:\/\/divainers.com\/da\/wp-json\/wp\/v2\/media?parent=7791"}],"wp:term":[{"taxonomy":"product_brand","embeddable":true,"href":"https:\/\/divainers.com\/da\/wp-json\/wp\/v2\/product_brand?post=7791"},{"taxonomy":"product_cat","embeddable":true,"href":"https:\/\/divainers.com\/da\/wp-json\/wp\/v2\/product_cat?post=7791"},{"taxonomy":"product_tag","embeddable":true,"href":"https:\/\/divainers.com\/da\/wp-json\/wp\/v2\/product_tag?post=7791"}],"curies":[{"name":"wp","href":"https:\/\/api.w.org\/{rel}","templated":true}]}}