{"id":7835,"date":"2025-01-31T08:31:51","date_gmt":"2025-01-31T07:31:51","guid":{"rendered":"https:\/\/divainers.com\/producto\/divain-153\/"},"modified":"2026-04-30T09:48:07","modified_gmt":"2026-04-30T07:48:07","slug":"divain-153","status":"publish","type":"product","link":"https:\/\/divainers.com\/da\/producto\/divain-153\/","title":{"rendered":"divain.153"},"content":{"rendered":"<p>En elegant og tidl\u00f8s duft, der omslutter sanserne med sin sofistikerede friskhed og delikate femininitet. Den citrusagtige \u00e5bning med bergamot og mandarin giver en lys og livlig fornemmelse. I hjertet folder en raffineret buket af fresia, liljekonval og jasmin sig ud med en ren og subtilt forf\u00f8rende blomsteressens. I bunden skaber hvid moskus, rav og sandeltr\u00e6 en bl\u00f8d, varm og omsluttende duft, perfekt til den sofistikerede, naturlige kvinde med en diskret, men uforglemmelig charme.<\/p>\n","protected":false},"excerpt":{"rendered":"<p>Minder om Angel Schlesser Femme fra Angel Schlesser<\/p>\n","protected":false},"featured_media":7831,"comment_status":"open","ping_status":"closed","template":"","meta":[],"product_brand":[],"product_cat":[1574],"product_tag":[1426],"class_list":{"0":"post-7835","1":"product","2":"type-product","3":"status-publish","4":"has-post-thumbnail","6":"product_cat-angel-schlesser","7":"product_tag-kvinder","9":"first","10":"instock","11":"shipping-taxable","12":"product-type-simple"},"_links":{"self":[{"href":"https:\/\/divainers.com\/da\/wp-json\/wp\/v2\/product\/7835","targetHints":{"allow":["GET"]}}],"collection":[{"href":"https:\/\/divainers.com\/da\/wp-json\/wp\/v2\/product"}],"about":[{"href":"https:\/\/divainers.com\/da\/wp-json\/wp\/v2\/types\/product"}],"replies":[{"embeddable":true,"href":"https:\/\/divainers.com\/da\/wp-json\/wp\/v2\/comments?post=7835"}],"wp:featuredmedia":[{"embeddable":true,"href":"https:\/\/divainers.com\/da\/wp-json\/wp\/v2\/media\/7831"}],"wp:attachment":[{"href":"https:\/\/divainers.com\/da\/wp-json\/wp\/v2\/media?parent=7835"}],"wp:term":[{"taxonomy":"product_brand","embeddable":true,"href":"https:\/\/divainers.com\/da\/wp-json\/wp\/v2\/product_brand?post=7835"},{"taxonomy":"product_cat","embeddable":true,"href":"https:\/\/divainers.com\/da\/wp-json\/wp\/v2\/product_cat?post=7835"},{"taxonomy":"product_tag","embeddable":true,"href":"https:\/\/divainers.com\/da\/wp-json\/wp\/v2\/product_tag?post=7835"}],"curies":[{"name":"wp","href":"https:\/\/api.w.org\/{rel}","templated":true}]}}