{"id":7877,"date":"2025-01-31T08:31:51","date_gmt":"2025-01-31T07:31:51","guid":{"rendered":"https:\/\/divainers.com\/producto\/divain-948\/"},"modified":"2026-04-30T09:48:22","modified_gmt":"2026-04-30T07:48:22","slug":"divain-948","status":"publish","type":"product","link":"https:\/\/divainers.com\/da\/producto\/divain-948\/","title":{"rendered":"divain.948"},"content":{"rendered":"<p>En bl\u00f8d og omsluttende duft, der v\u00e6kker en f\u00f8lelse af lethed og ro, som at sv\u00e6ve mellem skyerne p\u00e5 en varm dag. Fra starten giver de frugtige noter af lavendel og p\u00e6re en friskhed, bl\u00f8dgjort af et cremet strejf af kokos, som tilf\u00f8jer en let og afslappende s\u00f8dme. Efterh\u00e5nden som duften udfolder sig, tilf\u00f8rer de blomstrede noter af jasmin og liljekonval en delikat og feminin elegance, der skaber en \u00e6terisk bl\u00f8dhed, som omslutter huden. Basen, pr\u00e6get af musk og karamel, giver en varm og tr\u00f8stende bund, der smelter sammen med de lettere noter og efterlader en duft, der b\u00e5de er omsluttende og afslappende. Denne duft er perfekt til dem, der s\u00f8ger en bl\u00f8d, s\u00f8d og rolig duftoplevelse, ideel til hverdagsbrug, og som formidler en f\u00f8lelse af ro og friskhed.<\/p>\n","protected":false},"excerpt":{"rendered":"<p>Ligner Cloud af Ariana Grande<\/p>\n","protected":false},"featured_media":7873,"comment_status":"open","ping_status":"closed","template":"","meta":[],"product_brand":[],"product_cat":[1595],"product_tag":[1426],"class_list":{"0":"post-7877","1":"product","2":"type-product","3":"status-publish","4":"has-post-thumbnail","6":"product_cat-ariana-grande","7":"product_tag-kvinder","9":"first","10":"instock","11":"shipping-taxable","12":"product-type-simple"},"_links":{"self":[{"href":"https:\/\/divainers.com\/da\/wp-json\/wp\/v2\/product\/7877","targetHints":{"allow":["GET"]}}],"collection":[{"href":"https:\/\/divainers.com\/da\/wp-json\/wp\/v2\/product"}],"about":[{"href":"https:\/\/divainers.com\/da\/wp-json\/wp\/v2\/types\/product"}],"replies":[{"embeddable":true,"href":"https:\/\/divainers.com\/da\/wp-json\/wp\/v2\/comments?post=7877"}],"wp:featuredmedia":[{"embeddable":true,"href":"https:\/\/divainers.com\/da\/wp-json\/wp\/v2\/media\/7873"}],"wp:attachment":[{"href":"https:\/\/divainers.com\/da\/wp-json\/wp\/v2\/media?parent=7877"}],"wp:term":[{"taxonomy":"product_brand","embeddable":true,"href":"https:\/\/divainers.com\/da\/wp-json\/wp\/v2\/product_brand?post=7877"},{"taxonomy":"product_cat","embeddable":true,"href":"https:\/\/divainers.com\/da\/wp-json\/wp\/v2\/product_cat?post=7877"},{"taxonomy":"product_tag","embeddable":true,"href":"https:\/\/divainers.com\/da\/wp-json\/wp\/v2\/product_tag?post=7877"}],"curies":[{"name":"wp","href":"https:\/\/api.w.org\/{rel}","templated":true}]}}