{"id":7918,"date":"2025-01-31T08:31:51","date_gmt":"2025-01-31T07:31:51","guid":{"rendered":"https:\/\/divainers.com\/producto\/divain-457\/"},"modified":"2026-04-30T09:48:36","modified_gmt":"2026-04-30T07:48:36","slug":"divain-457","status":"publish","type":"product","link":"https:\/\/divainers.com\/da\/producto\/divain-457\/","title":{"rendered":"divain.457"},"content":{"rendered":"<p>En dristig og magnetisk duft, der udstr\u00e5ler elegance og karakter i hver eneste note. \u00c5bningen er livlig og citrusagtig med en eksplosion af citron, ananas og bergamot, der v\u00e6kker sanserne med intens friskhed. I hjertet tilf\u00f8jer birk og jasmin dybde og et sofistikeret, r\u00f8gfyldt touch, der fremkalder en raffineret og selvsikker maskulinitet. Til sidst efterlader en omsluttende bund af gr\u00e5 rav, musk og patchouli en varig, forf\u00f8rende og kraftfuld duft. En imponerende og sofistikeret parfume, ideel til dem, der s\u00f8ger en intens, alsidig og uforglemmelig tilstedev\u00e6relse.<\/p>\n","protected":false},"excerpt":{"rendered":"<p>Minder om Club de Nuit Intense Man de Armaf<\/p>\n","protected":false},"featured_media":7916,"comment_status":"open","ping_status":"closed","template":"","meta":[],"product_brand":[],"product_cat":[1616],"product_tag":[1337],"class_list":{"0":"post-7918","1":"product","2":"type-product","3":"status-publish","4":"has-post-thumbnail","6":"product_cat-armaf","7":"product_tag-maend","9":"first","10":"instock","11":"shipping-taxable","12":"product-type-simple"},"_links":{"self":[{"href":"https:\/\/divainers.com\/da\/wp-json\/wp\/v2\/product\/7918","targetHints":{"allow":["GET"]}}],"collection":[{"href":"https:\/\/divainers.com\/da\/wp-json\/wp\/v2\/product"}],"about":[{"href":"https:\/\/divainers.com\/da\/wp-json\/wp\/v2\/types\/product"}],"replies":[{"embeddable":true,"href":"https:\/\/divainers.com\/da\/wp-json\/wp\/v2\/comments?post=7918"}],"wp:featuredmedia":[{"embeddable":true,"href":"https:\/\/divainers.com\/da\/wp-json\/wp\/v2\/media\/7916"}],"wp:attachment":[{"href":"https:\/\/divainers.com\/da\/wp-json\/wp\/v2\/media?parent=7918"}],"wp:term":[{"taxonomy":"product_brand","embeddable":true,"href":"https:\/\/divainers.com\/da\/wp-json\/wp\/v2\/product_brand?post=7918"},{"taxonomy":"product_cat","embeddable":true,"href":"https:\/\/divainers.com\/da\/wp-json\/wp\/v2\/product_cat?post=7918"},{"taxonomy":"product_tag","embeddable":true,"href":"https:\/\/divainers.com\/da\/wp-json\/wp\/v2\/product_tag?post=7918"}],"curies":[{"name":"wp","href":"https:\/\/api.w.org\/{rel}","templated":true}]}}