{"id":7959,"date":"2025-01-31T08:31:51","date_gmt":"2025-01-31T07:31:51","guid":{"rendered":"https:\/\/divainers.com\/producto\/divain-890\/"},"modified":"2026-04-30T09:48:56","modified_gmt":"2026-04-30T07:48:56","slug":"divain-890","status":"publish","type":"product","link":"https:\/\/divainers.com\/da\/producto\/divain-890\/","title":{"rendered":"divain.890"},"content":{"rendered":"<p>Forestil dig en duft, der omslutter dig i en varm og eksotisk atmosf\u00e6re, hvor s\u00f8de og krydrede noter flettes sammen med \u00e6dle tr\u00e6sorter og vanilje. Denne essens begynder med en saftig \u00e5bning af blomme og et strejf af kanel, som tilf\u00f8rer en krydret s\u00f8dme. I hjertet tilbyder heliotrop og dadel en bl\u00f8d blomster- og frugtagtig note, mens patchouli tilf\u00f8jer en jordet dybde. Basen af guajaktr\u00e6, sandeltr\u00e6 og vanilje skaber en varm og tr\u00f8stende duft, der v\u00e6kker rigdommen fra de orientalske handelsruter. Denne komposition giver en duftoplevelse, der kombinerer s\u00f8de, krydrede og tr\u00e6agtige noter i perfekt harmoni.<\/p>\n","protected":false},"excerpt":{"rendered":"<p>Minder om Rouge Sar\u00e2y fra Atelier des Ors<\/p>\n","protected":false},"featured_media":7958,"comment_status":"open","ping_status":"closed","template":"","meta":[],"product_brand":[],"product_cat":[1637],"product_tag":[1405],"class_list":{"0":"post-7959","1":"product","2":"type-product","3":"status-publish","4":"has-post-thumbnail","6":"product_cat-atelier-des-ors","7":"product_tag-unisex","9":"first","10":"instock","11":"shipping-taxable","12":"product-type-simple"},"_links":{"self":[{"href":"https:\/\/divainers.com\/da\/wp-json\/wp\/v2\/product\/7959","targetHints":{"allow":["GET"]}}],"collection":[{"href":"https:\/\/divainers.com\/da\/wp-json\/wp\/v2\/product"}],"about":[{"href":"https:\/\/divainers.com\/da\/wp-json\/wp\/v2\/types\/product"}],"replies":[{"embeddable":true,"href":"https:\/\/divainers.com\/da\/wp-json\/wp\/v2\/comments?post=7959"}],"wp:featuredmedia":[{"embeddable":true,"href":"https:\/\/divainers.com\/da\/wp-json\/wp\/v2\/media\/7958"}],"wp:attachment":[{"href":"https:\/\/divainers.com\/da\/wp-json\/wp\/v2\/media?parent=7959"}],"wp:term":[{"taxonomy":"product_brand","embeddable":true,"href":"https:\/\/divainers.com\/da\/wp-json\/wp\/v2\/product_brand?post=7959"},{"taxonomy":"product_cat","embeddable":true,"href":"https:\/\/divainers.com\/da\/wp-json\/wp\/v2\/product_cat?post=7959"},{"taxonomy":"product_tag","embeddable":true,"href":"https:\/\/divainers.com\/da\/wp-json\/wp\/v2\/product_tag?post=7959"}],"curies":[{"name":"wp","href":"https:\/\/api.w.org\/{rel}","templated":true}]}}