{"id":8047,"date":"2025-01-31T08:31:52","date_gmt":"2025-01-31T07:31:52","guid":{"rendered":"https:\/\/divainers.com\/producto\/divain-240\/"},"modified":"2026-04-30T09:49:21","modified_gmt":"2026-04-30T07:49:21","slug":"divain-240","status":"publish","type":"product","link":"https:\/\/divainers.com\/da\/producto\/divain-240\/","title":{"rendered":"divain.240"},"content":{"rendered":"<p>En levende og dristig duft, designet til den udadvendte og energiske mand. I \u00e5bningen en eksplosion af friskhed og krydderier med noter af citron, ingef\u00e6r og mynte, der v\u00e6kker sanserne og tilf\u00f8rer dynamik. Duftens hjerte fyldes med et varmt og aromatisk pr\u00e6g af lavendel, kombineret med kanel og kardemomme, hvilket skaber en balance mellem bl\u00f8dhed og intensitet. I bunden omslutter tr\u00e6agtige og balsamiske noter af tonkab\u00f8nne, sandeltr\u00e6 og l\u00e6der huden med en aura af sofistikering og sensualitet. Ideel til s\u00e6rlige lejligheder, denne duft er et udtryk for mod og selvtillid, perfekt til dem, der \u00f8nsker at skille sig ud med en uforglemmelig tilstedev\u00e6relse.<\/p>\n","protected":false},"excerpt":{"rendered":"<p>Minder om Azzaro Wanted fra Azzaro<\/p>\n","protected":false},"featured_media":8041,"comment_status":"open","ping_status":"closed","template":"","meta":[],"product_brand":[],"product_cat":[1681],"product_tag":[1337],"class_list":{"0":"post-8047","1":"product","2":"type-product","3":"status-publish","4":"has-post-thumbnail","6":"product_cat-azzaro","7":"product_tag-maend","9":"first","10":"instock","11":"shipping-taxable","12":"product-type-simple"},"_links":{"self":[{"href":"https:\/\/divainers.com\/da\/wp-json\/wp\/v2\/product\/8047","targetHints":{"allow":["GET"]}}],"collection":[{"href":"https:\/\/divainers.com\/da\/wp-json\/wp\/v2\/product"}],"about":[{"href":"https:\/\/divainers.com\/da\/wp-json\/wp\/v2\/types\/product"}],"replies":[{"embeddable":true,"href":"https:\/\/divainers.com\/da\/wp-json\/wp\/v2\/comments?post=8047"}],"wp:featuredmedia":[{"embeddable":true,"href":"https:\/\/divainers.com\/da\/wp-json\/wp\/v2\/media\/8041"}],"wp:attachment":[{"href":"https:\/\/divainers.com\/da\/wp-json\/wp\/v2\/media?parent=8047"}],"wp:term":[{"taxonomy":"product_brand","embeddable":true,"href":"https:\/\/divainers.com\/da\/wp-json\/wp\/v2\/product_brand?post=8047"},{"taxonomy":"product_cat","embeddable":true,"href":"https:\/\/divainers.com\/da\/wp-json\/wp\/v2\/product_cat?post=8047"},{"taxonomy":"product_tag","embeddable":true,"href":"https:\/\/divainers.com\/da\/wp-json\/wp\/v2\/product_tag?post=8047"}],"curies":[{"name":"wp","href":"https:\/\/api.w.org\/{rel}","templated":true}]}}