{"id":8084,"date":"2025-01-31T08:31:53","date_gmt":"2025-01-31T07:31:53","guid":{"rendered":"https:\/\/divainers.com\/producto\/divain-715\/"},"modified":"2026-04-30T09:49:30","modified_gmt":"2026-04-30T07:49:30","slug":"divain-715","status":"publish","type":"product","link":"https:\/\/divainers.com\/da\/producto\/divain-715\/","title":{"rendered":"divain.715"},"content":{"rendered":"<p>En frisk og moderne blomsterduft, kendetegnet ved kontrasten mellem gr\u00f8nne og blomsteragtige noter. \u00c5bningen er frisk og let med et strejf af mynte, der smelter sammen med rosen og nelliken i hjertet og skaber en f\u00f8lelse af frisk og omsluttende markblomst. Efterh\u00e5nden som duften udvikler sig, tilf\u00f8jer basenoter af rav og vetiver en jordagtig og sofistikeret dybde, der balancerer blomsternes friskhed. En elegant og nutidig duft, ideel til dem, der s\u00f8ger noget feminint, men med et strejf af mod og modernitet.<\/p>\n","protected":false},"excerpt":{"rendered":"<p>Minder om Florabotanica fra Balenciaga<\/p>\n","protected":false},"featured_media":8083,"comment_status":"open","ping_status":"closed","template":"","meta":[],"product_brand":[],"product_cat":[1699],"product_tag":[1426],"class_list":{"0":"post-8084","1":"product","2":"type-product","3":"status-publish","4":"has-post-thumbnail","6":"product_cat-balenciaga","7":"product_tag-kvinder","9":"first","10":"instock","11":"shipping-taxable","12":"product-type-simple"},"_links":{"self":[{"href":"https:\/\/divainers.com\/da\/wp-json\/wp\/v2\/product\/8084","targetHints":{"allow":["GET"]}}],"collection":[{"href":"https:\/\/divainers.com\/da\/wp-json\/wp\/v2\/product"}],"about":[{"href":"https:\/\/divainers.com\/da\/wp-json\/wp\/v2\/types\/product"}],"replies":[{"embeddable":true,"href":"https:\/\/divainers.com\/da\/wp-json\/wp\/v2\/comments?post=8084"}],"wp:featuredmedia":[{"embeddable":true,"href":"https:\/\/divainers.com\/da\/wp-json\/wp\/v2\/media\/8083"}],"wp:attachment":[{"href":"https:\/\/divainers.com\/da\/wp-json\/wp\/v2\/media?parent=8084"}],"wp:term":[{"taxonomy":"product_brand","embeddable":true,"href":"https:\/\/divainers.com\/da\/wp-json\/wp\/v2\/product_brand?post=8084"},{"taxonomy":"product_cat","embeddable":true,"href":"https:\/\/divainers.com\/da\/wp-json\/wp\/v2\/product_cat?post=8084"},{"taxonomy":"product_tag","embeddable":true,"href":"https:\/\/divainers.com\/da\/wp-json\/wp\/v2\/product_tag?post=8084"}],"curies":[{"name":"wp","href":"https:\/\/api.w.org\/{rel}","templated":true}]}}