{"id":810,"date":"2025-01-31T08:32:48","date_gmt":"2025-01-31T07:32:48","guid":{"rendered":"https:\/\/divainers.com\/producto\/divain-556\/"},"modified":"2026-03-16T16:07:53","modified_gmt":"2026-03-16T15:07:53","slug":"divain-556","status":"publish","type":"product","link":"https:\/\/divainers.com\/da\/producto\/divain-556\/","title":{"rendered":"divain.556"},"content":{"rendered":"<p>Un aroma ex\u00f3tico y vibrante que evoca la sensaci\u00f3n de un paseo selv\u00e1tico lleno de frutas tropicales y especias c\u00e1lidas. Desde la apertura, una explosi\u00f3n de mango, naranja y pl\u00e1tano despierta los sentidos con una frescura afrutada y jugosa, mientras que un toque especiado de clavo y canela a\u00f1ade un giro c\u00e1lido y picante. En su coraz\u00f3n, una mezcla floral de jazm\u00edn y gardenia aporta una suavidad y feminidad en contraste con las notas m\u00e1s intensas, mientras que el fondo amaderado de s\u00e1ndalo y pachul\u00ed deja una estela profunda, terrosa y envolvente. Un perfume ideal para quienes buscan una fragancia tropical, especiada y audaz, perfecta para quienes desean destacarse con una presencia \u00fanica y ex\u00f3tica.<\/p>\n","protected":false},"excerpt":{"rendered":"<p>Recuerda a Jungle L&#8217;Elephant de Kenzo<\/p>\n","protected":false},"featured_media":3480,"comment_status":"open","ping_status":"closed","template":"","meta":[],"product_brand":[],"product_cat":[575],"product_tag":[1440],"class_list":{"0":"post-810","1":"product","2":"type-product","3":"status-publish","4":"has-post-thumbnail","6":"product_cat-kenzo","7":"product_tag-mulheres","9":"first","10":"instock","11":"shipping-taxable","12":"product-type-simple"},"_links":{"self":[{"href":"https:\/\/divainers.com\/da\/wp-json\/wp\/v2\/product\/810","targetHints":{"allow":["GET"]}}],"collection":[{"href":"https:\/\/divainers.com\/da\/wp-json\/wp\/v2\/product"}],"about":[{"href":"https:\/\/divainers.com\/da\/wp-json\/wp\/v2\/types\/product"}],"replies":[{"embeddable":true,"href":"https:\/\/divainers.com\/da\/wp-json\/wp\/v2\/comments?post=810"}],"wp:featuredmedia":[{"embeddable":true,"href":"https:\/\/divainers.com\/da\/wp-json\/wp\/v2\/media\/3480"}],"wp:attachment":[{"href":"https:\/\/divainers.com\/da\/wp-json\/wp\/v2\/media?parent=810"}],"wp:term":[{"taxonomy":"product_brand","embeddable":true,"href":"https:\/\/divainers.com\/da\/wp-json\/wp\/v2\/product_brand?post=810"},{"taxonomy":"product_cat","embeddable":true,"href":"https:\/\/divainers.com\/da\/wp-json\/wp\/v2\/product_cat?post=810"},{"taxonomy":"product_tag","embeddable":true,"href":"https:\/\/divainers.com\/da\/wp-json\/wp\/v2\/product_tag?post=810"}],"curies":[{"name":"wp","href":"https:\/\/api.w.org\/{rel}","templated":true}]}}