{"id":8132,"date":"2025-01-31T08:31:53","date_gmt":"2025-01-31T07:31:53","guid":{"rendered":"https:\/\/divainers.com\/producto\/divain-412\/"},"modified":"2026-04-30T09:49:41","modified_gmt":"2026-04-30T07:49:41","slug":"divain-412","status":"publish","type":"product","link":"https:\/\/divainers.com\/da\/producto\/divain-412\/","title":{"rendered":"divain.412"},"content":{"rendered":"<p>En overd\u00e5dig og vanedannende duft, der forener den krydrede varme fra tobak med den fl\u00f8jlsbl\u00f8de sensualitet fra rosen. Fra starten omslutter de krydrede og s\u00f8de noter sanserne og skaber en intens og indhyllende oplevelse. I hjertet folder rosen sig ud med en dyb og let m\u00f8rk karakter, ledsaget af ravagtige og harpiksagtige nuancer, der fremh\u00e6ver dens rigdom. Basen er t\u00e6t og forf\u00f8rende med akkorder af kakao, musk og cremede tr\u00e6sorter, som efterlader en sofistikeret og langvarig duftsti. Ideel til dem, der s\u00f8ger en dristig, elegant og karakterfuld duft.<\/p>\n","protected":false},"excerpt":{"rendered":"<p>Minder om Tabac Rose fra BDK Parfums<\/p>\n","protected":false},"featured_media":8125,"comment_status":"open","ping_status":"closed","template":"","meta":[],"product_brand":[],"product_cat":[1723],"product_tag":[1405],"class_list":{"0":"post-8132","1":"product","2":"type-product","3":"status-publish","4":"has-post-thumbnail","6":"product_cat-bdk-parfums","7":"product_tag-unisex","9":"first","10":"instock","11":"shipping-taxable","12":"product-type-simple"},"_links":{"self":[{"href":"https:\/\/divainers.com\/da\/wp-json\/wp\/v2\/product\/8132","targetHints":{"allow":["GET"]}}],"collection":[{"href":"https:\/\/divainers.com\/da\/wp-json\/wp\/v2\/product"}],"about":[{"href":"https:\/\/divainers.com\/da\/wp-json\/wp\/v2\/types\/product"}],"replies":[{"embeddable":true,"href":"https:\/\/divainers.com\/da\/wp-json\/wp\/v2\/comments?post=8132"}],"wp:featuredmedia":[{"embeddable":true,"href":"https:\/\/divainers.com\/da\/wp-json\/wp\/v2\/media\/8125"}],"wp:attachment":[{"href":"https:\/\/divainers.com\/da\/wp-json\/wp\/v2\/media?parent=8132"}],"wp:term":[{"taxonomy":"product_brand","embeddable":true,"href":"https:\/\/divainers.com\/da\/wp-json\/wp\/v2\/product_brand?post=8132"},{"taxonomy":"product_cat","embeddable":true,"href":"https:\/\/divainers.com\/da\/wp-json\/wp\/v2\/product_cat?post=8132"},{"taxonomy":"product_tag","embeddable":true,"href":"https:\/\/divainers.com\/da\/wp-json\/wp\/v2\/product_tag?post=8132"}],"curies":[{"name":"wp","href":"https:\/\/api.w.org\/{rel}","templated":true}]}}