{"id":8168,"date":"2025-01-31T08:33:36","date_gmt":"2025-01-31T07:33:36","guid":{"rendered":"https:\/\/divainers.com\/producto\/divain-077\/"},"modified":"2026-04-30T09:49:47","modified_gmt":"2026-04-30T07:49:47","slug":"divain-077","status":"publish","type":"product","link":"https:\/\/divainers.com\/da\/producto\/divain-077\/","title":{"rendered":"divain.077"},"content":{"rendered":"<p>En ungdommelig og livlig duft, der fanger gl\u00e6de og spontanitet i hver note. Dens sprudlende \u00e5bning med fersken, abrikos og solb\u00e6r giver en frugtagtig og lys s\u00f8dme. I hjertet omslutter fresia, viol og liljekonval duften med en bl\u00f8d og romantisk femininitet. I bunden skaber sandeltr\u00e6, vanilje og moskus en varm og indbydende duft, perfekt til den sjove, frie kvinde med en \u00e5nd fuld af energi.<\/p>\n","protected":false},"excerpt":{"rendered":"<p>Minder om Red Jeans fra Versace<\/p>\n","protected":false},"featured_media":8167,"comment_status":"open","ping_status":"closed","template":"","meta":[],"product_brand":[],"product_cat":[1751],"product_tag":[1156],"class_list":{"0":"post-8168","1":"product","2":"type-product","3":"status-publish","4":"has-post-thumbnail","6":"product_cat-versace","7":"product_tag-mujer","9":"first","10":"instock","11":"shipping-taxable","12":"product-type-simple"},"_links":{"self":[{"href":"https:\/\/divainers.com\/da\/wp-json\/wp\/v2\/product\/8168","targetHints":{"allow":["GET"]}}],"collection":[{"href":"https:\/\/divainers.com\/da\/wp-json\/wp\/v2\/product"}],"about":[{"href":"https:\/\/divainers.com\/da\/wp-json\/wp\/v2\/types\/product"}],"replies":[{"embeddable":true,"href":"https:\/\/divainers.com\/da\/wp-json\/wp\/v2\/comments?post=8168"}],"wp:featuredmedia":[{"embeddable":true,"href":"https:\/\/divainers.com\/da\/wp-json\/wp\/v2\/media\/8167"}],"wp:attachment":[{"href":"https:\/\/divainers.com\/da\/wp-json\/wp\/v2\/media?parent=8168"}],"wp:term":[{"taxonomy":"product_brand","embeddable":true,"href":"https:\/\/divainers.com\/da\/wp-json\/wp\/v2\/product_brand?post=8168"},{"taxonomy":"product_cat","embeddable":true,"href":"https:\/\/divainers.com\/da\/wp-json\/wp\/v2\/product_cat?post=8168"},{"taxonomy":"product_tag","embeddable":true,"href":"https:\/\/divainers.com\/da\/wp-json\/wp\/v2\/product_tag?post=8168"}],"curies":[{"name":"wp","href":"https:\/\/api.w.org\/{rel}","templated":true}]}}