{"id":8210,"date":"2025-01-31T08:31:53","date_gmt":"2025-01-31T07:31:53","guid":{"rendered":"https:\/\/divainers.com\/producto\/divain-447\/"},"modified":"2026-04-30T09:49:57","modified_gmt":"2026-04-30T07:49:57","slug":"divain-447","status":"publish","type":"product","link":"https:\/\/divainers.com\/da\/producto\/divain-447\/","title":{"rendered":"divain.447"},"content":{"rendered":"<p>En majest\u00e6tisk og kraftfuld duft, der udstr\u00e5ler selvtillid og sofistikering i hver eneste note. \u00c5bningen er levende og krydret med et udbrud af bergamot og peber, der v\u00e6kker sanserne med energi og elegance. I hjertet smelter rav og lavendel sammen med \u00e6dle tr\u00e6sorter, hvilket giver dybde og en distingveret aura. Til sidst efterlader en varm bund af vanilje, musk og oud en omsluttende, intens og forf\u00f8rende duft. En dristig og magnetisk parfume, perfekt til dem, der s\u00f8ger en duft med karakter, tilstedev\u00e6relse og en imponerende elegance.<\/p>\n","protected":false},"excerpt":{"rendered":"<p>Minder om King fra Bharara<\/p>\n","protected":false},"featured_media":8208,"comment_status":"open","ping_status":"closed","template":"","meta":[],"product_brand":[],"product_cat":[1761],"product_tag":[1337],"class_list":{"0":"post-8210","1":"product","2":"type-product","3":"status-publish","4":"has-post-thumbnail","6":"product_cat-bharara","7":"product_tag-maend","9":"first","10":"instock","11":"shipping-taxable","12":"product-type-simple"},"_links":{"self":[{"href":"https:\/\/divainers.com\/da\/wp-json\/wp\/v2\/product\/8210","targetHints":{"allow":["GET"]}}],"collection":[{"href":"https:\/\/divainers.com\/da\/wp-json\/wp\/v2\/product"}],"about":[{"href":"https:\/\/divainers.com\/da\/wp-json\/wp\/v2\/types\/product"}],"replies":[{"embeddable":true,"href":"https:\/\/divainers.com\/da\/wp-json\/wp\/v2\/comments?post=8210"}],"wp:featuredmedia":[{"embeddable":true,"href":"https:\/\/divainers.com\/da\/wp-json\/wp\/v2\/media\/8208"}],"wp:attachment":[{"href":"https:\/\/divainers.com\/da\/wp-json\/wp\/v2\/media?parent=8210"}],"wp:term":[{"taxonomy":"product_brand","embeddable":true,"href":"https:\/\/divainers.com\/da\/wp-json\/wp\/v2\/product_brand?post=8210"},{"taxonomy":"product_cat","embeddable":true,"href":"https:\/\/divainers.com\/da\/wp-json\/wp\/v2\/product_cat?post=8210"},{"taxonomy":"product_tag","embeddable":true,"href":"https:\/\/divainers.com\/da\/wp-json\/wp\/v2\/product_tag?post=8210"}],"curies":[{"name":"wp","href":"https:\/\/api.w.org\/{rel}","templated":true}]}}