{"id":8297,"date":"2025-01-31T08:31:53","date_gmt":"2025-01-31T07:31:53","guid":{"rendered":"https:\/\/divainers.com\/producto\/divain-668\/"},"modified":"2026-04-30T09:50:33","modified_gmt":"2026-04-30T07:50:33","slug":"divain-668","status":"publish","type":"product","link":"https:\/\/divainers.com\/da\/producto\/divain-668\/","title":{"rendered":"divain.668"},"content":{"rendered":"<p>En uds\u00f8gt og f\u00e6ngslende duft, der udstr\u00e5ler elegance og mystik. I \u00e5bningen folder en frisk og citrusagtig blanding sig ud, som smelter sammen med marine noter og v\u00e6kker minder om den friske havbrise. N\u00e5r duften s\u00e6tter sig, afsl\u00f8rer hjertet en blomster- og frugtagtig akkord, hvor s\u00f8dmen fra eksotiske frugter flettes sammen med bl\u00f8dheden fra delikate blomster, hvilket skaber en omsluttende og feminin fornemmelse. Basen, dyb og sofistikeret, best\u00e5r af \u00e6dle tr\u00e6sorter og et subtilt strejf af musk, der giver en varm og forf\u00f8rende duftsti. Det er en ideel duft for dem, der s\u00f8ger en raffineret og karakterfuld parfume, perfekt til kvinden, der \u00f8nsker at udstr\u00e5le luksus, styrke og selvtillid.<\/p>\n","protected":false},"excerpt":{"rendered":"<p>Minder om Blue Sapphire fra Boadicea The Victorious<\/p>\n","protected":false},"featured_media":8293,"comment_status":"open","ping_status":"closed","template":"","meta":[],"product_brand":[],"product_cat":[1805],"product_tag":[1405],"class_list":{"0":"post-8297","1":"product","2":"type-product","3":"status-publish","4":"has-post-thumbnail","6":"product_cat-boadicea-the-victorious","7":"product_tag-unisex","9":"first","10":"instock","11":"shipping-taxable","12":"product-type-simple"},"_links":{"self":[{"href":"https:\/\/divainers.com\/da\/wp-json\/wp\/v2\/product\/8297","targetHints":{"allow":["GET"]}}],"collection":[{"href":"https:\/\/divainers.com\/da\/wp-json\/wp\/v2\/product"}],"about":[{"href":"https:\/\/divainers.com\/da\/wp-json\/wp\/v2\/types\/product"}],"replies":[{"embeddable":true,"href":"https:\/\/divainers.com\/da\/wp-json\/wp\/v2\/comments?post=8297"}],"wp:featuredmedia":[{"embeddable":true,"href":"https:\/\/divainers.com\/da\/wp-json\/wp\/v2\/media\/8293"}],"wp:attachment":[{"href":"https:\/\/divainers.com\/da\/wp-json\/wp\/v2\/media?parent=8297"}],"wp:term":[{"taxonomy":"product_brand","embeddable":true,"href":"https:\/\/divainers.com\/da\/wp-json\/wp\/v2\/product_brand?post=8297"},{"taxonomy":"product_cat","embeddable":true,"href":"https:\/\/divainers.com\/da\/wp-json\/wp\/v2\/product_cat?post=8297"},{"taxonomy":"product_tag","embeddable":true,"href":"https:\/\/divainers.com\/da\/wp-json\/wp\/v2\/product_tag?post=8297"}],"curies":[{"name":"wp","href":"https:\/\/api.w.org\/{rel}","templated":true}]}}