{"id":830,"date":"2025-01-31T08:32:51","date_gmt":"2025-01-31T07:32:51","guid":{"rendered":"https:\/\/divainers.com\/producto\/divain-520\/"},"modified":"2026-03-16T16:07:55","modified_gmt":"2026-03-16T15:07:55","slug":"divain-520","status":"publish","type":"product","link":"https:\/\/divainers.com\/da\/producto\/divain-520\/","title":{"rendered":"divain.520"},"content":{"rendered":"<p>Un aroma vibrante y fresco que captura la alegr\u00eda y la ligereza de un d\u00eda soleado. Desde la apertura, una explosi\u00f3n chispeante de lim\u00f3n, mandarina y notas verdes despierta los sentidos con una energ\u00eda luminosa y efervescente. En su coraz\u00f3n, un delicado bouquet de peon\u00eda, nen\u00fafar y rosa blanca aporta una feminidad suave y radiante, con un toque acu\u00e1tico refrescante. Finalmente, un fondo de almizcle, cedro y \u00e1mbar deja una estela ligera, limpia y envolvente. Un perfume juvenil y optimista, perfecto para quienes buscan una fragancia fresca, floral y con un esp\u00edritu libre y radiante.<\/p>\n","protected":false},"excerpt":{"rendered":"<p>Recuerda a \u00d4 Oui de Lanc\u00f4me<\/p>\n","protected":false},"featured_media":2926,"comment_status":"open","ping_status":"closed","template":"","meta":[],"product_brand":[],"product_cat":[596],"product_tag":[1420],"class_list":{"0":"post-830","1":"product","2":"type-product","3":"status-publish","4":"has-post-thumbnail","6":"product_cat-lancome","7":"product_tag-frauen","9":"first","10":"instock","11":"shipping-taxable","12":"product-type-simple"},"_links":{"self":[{"href":"https:\/\/divainers.com\/da\/wp-json\/wp\/v2\/product\/830","targetHints":{"allow":["GET"]}}],"collection":[{"href":"https:\/\/divainers.com\/da\/wp-json\/wp\/v2\/product"}],"about":[{"href":"https:\/\/divainers.com\/da\/wp-json\/wp\/v2\/types\/product"}],"replies":[{"embeddable":true,"href":"https:\/\/divainers.com\/da\/wp-json\/wp\/v2\/comments?post=830"}],"wp:featuredmedia":[{"embeddable":true,"href":"https:\/\/divainers.com\/da\/wp-json\/wp\/v2\/media\/2926"}],"wp:attachment":[{"href":"https:\/\/divainers.com\/da\/wp-json\/wp\/v2\/media?parent=830"}],"wp:term":[{"taxonomy":"product_brand","embeddable":true,"href":"https:\/\/divainers.com\/da\/wp-json\/wp\/v2\/product_brand?post=830"},{"taxonomy":"product_cat","embeddable":true,"href":"https:\/\/divainers.com\/da\/wp-json\/wp\/v2\/product_cat?post=830"},{"taxonomy":"product_tag","embeddable":true,"href":"https:\/\/divainers.com\/da\/wp-json\/wp\/v2\/product_tag?post=830"}],"curies":[{"name":"wp","href":"https:\/\/api.w.org\/{rel}","templated":true}]}}