{"id":8379,"date":"2025-01-31T08:31:53","date_gmt":"2025-01-31T07:31:53","guid":{"rendered":"https:\/\/divainers.com\/producto\/divain-823\/"},"modified":"2026-04-30T09:50:54","modified_gmt":"2026-04-30T07:50:54","slug":"divain-823","status":"publish","type":"product","link":"https:\/\/divainers.com\/da\/producto\/divain-823\/","title":{"rendered":"divain.823"},"content":{"rendered":"<p>Denne unisex duft kendetegnes ved sin blomster-chypre aroma, hvor noter af pink peber og bergamot \u00e5bner op for et hjerte af Sambac jasmin. I basen tilf\u00f8rer l\u00e6der, egetr\u00e6smos og patchouli dybde og sofistikering. Ideel til dem, der s\u00f8ger en essens, der kombinerer elegance og sensualitet til enhver lejlighed.<\/p>\n","protected":false},"excerpt":{"rendered":"<p>Minder om Bottega Veneta fra Bottega Veneta<\/p>\n","protected":false},"featured_media":8376,"comment_status":"open","ping_status":"closed","template":"","meta":[],"product_brand":[],"product_cat":[1846],"product_tag":[1426],"class_list":{"0":"post-8379","1":"product","2":"type-product","3":"status-publish","4":"has-post-thumbnail","6":"product_cat-bottega-veneta","7":"product_tag-kvinder","9":"first","10":"instock","11":"shipping-taxable","12":"product-type-simple"},"_links":{"self":[{"href":"https:\/\/divainers.com\/da\/wp-json\/wp\/v2\/product\/8379","targetHints":{"allow":["GET"]}}],"collection":[{"href":"https:\/\/divainers.com\/da\/wp-json\/wp\/v2\/product"}],"about":[{"href":"https:\/\/divainers.com\/da\/wp-json\/wp\/v2\/types\/product"}],"replies":[{"embeddable":true,"href":"https:\/\/divainers.com\/da\/wp-json\/wp\/v2\/comments?post=8379"}],"wp:featuredmedia":[{"embeddable":true,"href":"https:\/\/divainers.com\/da\/wp-json\/wp\/v2\/media\/8376"}],"wp:attachment":[{"href":"https:\/\/divainers.com\/da\/wp-json\/wp\/v2\/media?parent=8379"}],"wp:term":[{"taxonomy":"product_brand","embeddable":true,"href":"https:\/\/divainers.com\/da\/wp-json\/wp\/v2\/product_brand?post=8379"},{"taxonomy":"product_cat","embeddable":true,"href":"https:\/\/divainers.com\/da\/wp-json\/wp\/v2\/product_cat?post=8379"},{"taxonomy":"product_tag","embeddable":true,"href":"https:\/\/divainers.com\/da\/wp-json\/wp\/v2\/product_tag?post=8379"}],"curies":[{"name":"wp","href":"https:\/\/api.w.org\/{rel}","templated":true}]}}