{"id":8421,"date":"2025-01-31T08:31:53","date_gmt":"2025-01-31T07:31:53","guid":{"rendered":"https:\/\/divainers.com\/producto\/divain-518\/"},"modified":"2026-04-30T09:51:08","modified_gmt":"2026-04-30T07:51:08","slug":"divain-518","status":"publish","type":"product","link":"https:\/\/divainers.com\/da\/producto\/divain-518\/","title":{"rendered":"divain.518"},"content":{"rendered":"<p>En eksotisk og omsluttende duft, der tager dig med p\u00e5 en sanselig rejse fyldt med varme og sofistikering. Fra \u00e5bningen v\u00e6kker den krydrede s\u00f8dme af kanel og bergamot sanserne med en varm og lys vibration. I hjertet smelter en elegant buket af jasmin og rose sammen med noter af ylang-ylang og tilf\u00f8rer en overd\u00e5dig og forf\u00f8rende femininitet. Til sidst efterlader en bund af vanilje, benzoe og rav en cremet, omsluttende og dybt sensuel duft. En luksuri\u00f8s og magnetisk parfume, ideel til dem, der s\u00f8ger en orientalsk, varm og sofistikeret og uforglemmelig karakter.<\/p>\n","protected":false},"excerpt":{"rendered":"<p>Minder om Jaipur fra Boucheron<\/p>\n","protected":false},"featured_media":8418,"comment_status":"open","ping_status":"closed","template":"","meta":[],"product_brand":[],"product_cat":[1867],"product_tag":[1426],"class_list":{"0":"post-8421","1":"product","2":"type-product","3":"status-publish","4":"has-post-thumbnail","6":"product_cat-boucheron","7":"product_tag-kvinder","9":"first","10":"instock","11":"shipping-taxable","12":"product-type-simple"},"_links":{"self":[{"href":"https:\/\/divainers.com\/da\/wp-json\/wp\/v2\/product\/8421","targetHints":{"allow":["GET"]}}],"collection":[{"href":"https:\/\/divainers.com\/da\/wp-json\/wp\/v2\/product"}],"about":[{"href":"https:\/\/divainers.com\/da\/wp-json\/wp\/v2\/types\/product"}],"replies":[{"embeddable":true,"href":"https:\/\/divainers.com\/da\/wp-json\/wp\/v2\/comments?post=8421"}],"wp:featuredmedia":[{"embeddable":true,"href":"https:\/\/divainers.com\/da\/wp-json\/wp\/v2\/media\/8418"}],"wp:attachment":[{"href":"https:\/\/divainers.com\/da\/wp-json\/wp\/v2\/media?parent=8421"}],"wp:term":[{"taxonomy":"product_brand","embeddable":true,"href":"https:\/\/divainers.com\/da\/wp-json\/wp\/v2\/product_brand?post=8421"},{"taxonomy":"product_cat","embeddable":true,"href":"https:\/\/divainers.com\/da\/wp-json\/wp\/v2\/product_cat?post=8421"},{"taxonomy":"product_tag","embeddable":true,"href":"https:\/\/divainers.com\/da\/wp-json\/wp\/v2\/product_tag?post=8421"}],"curies":[{"name":"wp","href":"https:\/\/api.w.org\/{rel}","templated":true}]}}