{"id":8466,"date":"2025-01-31T08:31:54","date_gmt":"2025-01-31T07:31:54","guid":{"rendered":"https:\/\/divainers.com\/producto\/divain-060\/"},"modified":"2026-04-30T09:51:18","modified_gmt":"2026-04-30T07:51:18","slug":"divain-060","status":"publish","type":"product","link":"https:\/\/divainers.com\/da\/producto\/divain-060\/","title":{"rendered":"divain.060"},"content":{"rendered":"<p>En s\u00f8d og fortryllende duft, der v\u00e6kker en verden af fantasi og romantik til live. Den sprudlende \u00e5bning med kiwi, r\u00f8d litchi og kv\u00e6de giver et frugtagtigt og saftigt touch. I hjertet skaber jasmin og hvid chokolade en vanedannende og forf\u00f8rende kombination. I bunden omslutter vanilje, musk og cremede tr\u00e6noter duften med en varm og indhylende aura. Perfekt til den dr\u00f8mmende, flirtende kvinde med en magisk og uimodst\u00e5elig sj\u00e6l.<\/p>\n","protected":false},"excerpt":{"rendered":"<p>Ligner Fantasy af Britney Spears<\/p>\n","protected":false},"featured_media":8459,"comment_status":"open","ping_status":"closed","template":"","meta":[],"product_brand":[],"product_cat":[1890],"product_tag":[1426],"class_list":{"0":"post-8466","1":"product","2":"type-product","3":"status-publish","4":"has-post-thumbnail","6":"product_cat-britney-spears","7":"product_tag-kvinder","9":"first","10":"instock","11":"shipping-taxable","12":"product-type-simple"},"_links":{"self":[{"href":"https:\/\/divainers.com\/da\/wp-json\/wp\/v2\/product\/8466","targetHints":{"allow":["GET"]}}],"collection":[{"href":"https:\/\/divainers.com\/da\/wp-json\/wp\/v2\/product"}],"about":[{"href":"https:\/\/divainers.com\/da\/wp-json\/wp\/v2\/types\/product"}],"replies":[{"embeddable":true,"href":"https:\/\/divainers.com\/da\/wp-json\/wp\/v2\/comments?post=8466"}],"wp:featuredmedia":[{"embeddable":true,"href":"https:\/\/divainers.com\/da\/wp-json\/wp\/v2\/media\/8459"}],"wp:attachment":[{"href":"https:\/\/divainers.com\/da\/wp-json\/wp\/v2\/media?parent=8466"}],"wp:term":[{"taxonomy":"product_brand","embeddable":true,"href":"https:\/\/divainers.com\/da\/wp-json\/wp\/v2\/product_brand?post=8466"},{"taxonomy":"product_cat","embeddable":true,"href":"https:\/\/divainers.com\/da\/wp-json\/wp\/v2\/product_cat?post=8466"},{"taxonomy":"product_tag","embeddable":true,"href":"https:\/\/divainers.com\/da\/wp-json\/wp\/v2\/product_tag?post=8466"}],"curies":[{"name":"wp","href":"https:\/\/api.w.org\/{rel}","templated":true}]}}