{"id":8505,"date":"2025-01-31T08:31:54","date_gmt":"2025-01-31T07:31:54","guid":{"rendered":"https:\/\/divainers.com\/producto\/divain-137\/"},"modified":"2026-04-30T09:51:28","modified_gmt":"2026-04-30T07:51:28","slug":"divain-137","status":"publish","type":"product","link":"https:\/\/divainers.com\/da\/producto\/divain-137\/","title":{"rendered":"divain.137"},"content":{"rendered":"<p>En varm og elegant duft, der omslutter sanserne med sin raffinerede sensualitet. Den frugtige \u00e5bning med fersken, p\u00e6re og solb\u00e6r tilf\u00f8rer en saftig og lys s\u00f8dme. I hjertet skaber jasmin og sandeltr\u00e6 en bl\u00f8d og sofistikeret kombination, der fremh\u00e6ver femininiteten med et omsluttende touch. I bunden efterlader vanilje og hvid moskus en varm og behagelig duft, perfekt til den klassiske, sofistikerede kvinde med en tidl\u00f8s charme, der efterlader et uforglemmeligt indtryk.<\/p>\n","protected":false},"excerpt":{"rendered":"<p>Minder om Burberry Women fra Burberry<\/p>\n","protected":false},"featured_media":8503,"comment_status":"open","ping_status":"closed","template":"","meta":[],"product_brand":[],"product_cat":[1909],"product_tag":[1426],"class_list":{"0":"post-8505","1":"product","2":"type-product","3":"status-publish","4":"has-post-thumbnail","6":"product_cat-burberry","7":"product_tag-kvinder","9":"first","10":"instock","11":"shipping-taxable","12":"product-type-simple"},"_links":{"self":[{"href":"https:\/\/divainers.com\/da\/wp-json\/wp\/v2\/product\/8505","targetHints":{"allow":["GET"]}}],"collection":[{"href":"https:\/\/divainers.com\/da\/wp-json\/wp\/v2\/product"}],"about":[{"href":"https:\/\/divainers.com\/da\/wp-json\/wp\/v2\/types\/product"}],"replies":[{"embeddable":true,"href":"https:\/\/divainers.com\/da\/wp-json\/wp\/v2\/comments?post=8505"}],"wp:featuredmedia":[{"embeddable":true,"href":"https:\/\/divainers.com\/da\/wp-json\/wp\/v2\/media\/8503"}],"wp:attachment":[{"href":"https:\/\/divainers.com\/da\/wp-json\/wp\/v2\/media?parent=8505"}],"wp:term":[{"taxonomy":"product_brand","embeddable":true,"href":"https:\/\/divainers.com\/da\/wp-json\/wp\/v2\/product_brand?post=8505"},{"taxonomy":"product_cat","embeddable":true,"href":"https:\/\/divainers.com\/da\/wp-json\/wp\/v2\/product_cat?post=8505"},{"taxonomy":"product_tag","embeddable":true,"href":"https:\/\/divainers.com\/da\/wp-json\/wp\/v2\/product_tag?post=8505"}],"curies":[{"name":"wp","href":"https:\/\/api.w.org\/{rel}","templated":true}]}}