{"id":8636,"date":"2025-01-31T08:33:38","date_gmt":"2025-01-31T07:33:38","guid":{"rendered":"https:\/\/divainers.com\/producto\/divain-659\/"},"modified":"2026-04-30T09:52:15","modified_gmt":"2026-04-30T07:52:15","slug":"divain-659","status":"publish","type":"product","link":"https:\/\/divainers.com\/da\/producto\/divain-659\/","title":{"rendered":"divain.659"},"content":{"rendered":"<p>En duft, der udstr\u00e5ler sensualitet og mystik, perfekt til kvinden, der \u00f8nsker at forf\u00f8re med en unik duftsti. Den begynder med en frugtagtig og saftig blanding, hvor noter af blomme og hindb\u00e6r tilf\u00f8jer en s\u00f8d friskhed, ledsaget af et delikat blomsterpr\u00e6g. Hjertet fyldes med en subtil akkord af eksotiske blomster som jasmin, der tilf\u00f8rer en feminin og omsluttende sensualitet. Endelig skaber bundnoterne af sandeltr\u00e6 og musk en varm og jordagtig base, som efterlader en f\u00f8lelse af bl\u00f8dhed og dybde, der varer ved.<\/p>\n","protected":false},"excerpt":{"rendered":"<p>Ligner Forbidden fra Victoria&#8217;s Secret<\/p>\n","protected":false},"featured_media":8628,"comment_status":"open","ping_status":"closed","template":"","meta":[],"product_brand":[],"product_cat":[1982],"product_tag":[1156],"class_list":{"0":"post-8636","1":"product","2":"type-product","3":"status-publish","4":"has-post-thumbnail","6":"product_cat-victorias-secret","7":"product_tag-mujer","9":"first","10":"instock","11":"shipping-taxable","12":"product-type-simple"},"_links":{"self":[{"href":"https:\/\/divainers.com\/da\/wp-json\/wp\/v2\/product\/8636","targetHints":{"allow":["GET"]}}],"collection":[{"href":"https:\/\/divainers.com\/da\/wp-json\/wp\/v2\/product"}],"about":[{"href":"https:\/\/divainers.com\/da\/wp-json\/wp\/v2\/types\/product"}],"replies":[{"embeddable":true,"href":"https:\/\/divainers.com\/da\/wp-json\/wp\/v2\/comments?post=8636"}],"wp:featuredmedia":[{"embeddable":true,"href":"https:\/\/divainers.com\/da\/wp-json\/wp\/v2\/media\/8628"}],"wp:attachment":[{"href":"https:\/\/divainers.com\/da\/wp-json\/wp\/v2\/media?parent=8636"}],"wp:term":[{"taxonomy":"product_brand","embeddable":true,"href":"https:\/\/divainers.com\/da\/wp-json\/wp\/v2\/product_brand?post=8636"},{"taxonomy":"product_cat","embeddable":true,"href":"https:\/\/divainers.com\/da\/wp-json\/wp\/v2\/product_cat?post=8636"},{"taxonomy":"product_tag","embeddable":true,"href":"https:\/\/divainers.com\/da\/wp-json\/wp\/v2\/product_tag?post=8636"}],"curies":[{"name":"wp","href":"https:\/\/api.w.org\/{rel}","templated":true}]}}