{"id":901,"date":"2025-01-31T08:33:00","date_gmt":"2025-01-31T07:33:00","guid":{"rendered":"https:\/\/divainers.com\/producto\/divain-942\/"},"modified":"2026-03-16T16:08:02","modified_gmt":"2026-03-16T15:08:02","slug":"divain-942","status":"publish","type":"product","link":"https:\/\/divainers.com\/da\/producto\/divain-942\/","title":{"rendered":"divain.942"},"content":{"rendered":"<p>Una fragancia ex\u00f3tica y envolvente que fusiona lo floral y lo especiado de manera \u00fanica, transport\u00e1ndote a un paisaje vibrante lleno de colores y sensaciones intensas. Desde la apertura, las <em data-start=\"367\" data-end=\"382\">notas frescas<\/em> de <em data-start=\"386\" data-end=\"395\">hibisco<\/em> y <em data-start=\"398\" data-end=\"409\">bergamota<\/em> se entrelazan con un toque de <em data-start=\"440\" data-end=\"449\">c\u00farcuma<\/em>, creando una sensaci\u00f3n de vitalidad y frescura que despierta los sentidos. A medida que se despliega, la <em data-start=\"555\" data-end=\"571\">flor de jazm\u00edn<\/em> se une a la <em data-start=\"584\" data-end=\"599\">pimienta rosa<\/em>, aportando una calidez especiada que envuelve la fragancia en un halo misterioso y sofisticado. El fondo amaderado de <em data-start=\"718\" data-end=\"727\">s\u00e1ndalo<\/em> y <em data-start=\"730\" data-end=\"740\">almizcle<\/em> le da una base aterciopelada y profunda, equilibrando perfectamente las notas florales y especiadas con una sensualidad envolvente. Este perfume es perfecto para quienes buscan una fragancia <em data-start=\"932\" data-end=\"941\">ex\u00f3tica<\/em>, <em data-start=\"943\" data-end=\"953\">vibrante<\/em> y <em data-start=\"956\" data-end=\"969\">sofisticada<\/em>, que deje una estela \u00fanica y cautivadora.<\/p>\n","protected":false},"excerpt":{"rendered":"<p>Recuerda a Hibiscus Mahaj\u00e1d de Maison Crivelli<\/p>\n","protected":false},"featured_media":3217,"comment_status":"open","ping_status":"closed","template":"","meta":[],"product_brand":[],"product_cat":[680],"product_tag":[1379],"class_list":{"0":"post-901","1":"product","2":"type-product","3":"status-publish","4":"has-post-thumbnail","6":"product_cat-maison-crivelli","7":"product_tag-unisex","9":"first","10":"instock","11":"shipping-taxable","12":"product-type-simple"},"_links":{"self":[{"href":"https:\/\/divainers.com\/da\/wp-json\/wp\/v2\/product\/901","targetHints":{"allow":["GET"]}}],"collection":[{"href":"https:\/\/divainers.com\/da\/wp-json\/wp\/v2\/product"}],"about":[{"href":"https:\/\/divainers.com\/da\/wp-json\/wp\/v2\/types\/product"}],"replies":[{"embeddable":true,"href":"https:\/\/divainers.com\/da\/wp-json\/wp\/v2\/comments?post=901"}],"wp:featuredmedia":[{"embeddable":true,"href":"https:\/\/divainers.com\/da\/wp-json\/wp\/v2\/media\/3217"}],"wp:attachment":[{"href":"https:\/\/divainers.com\/da\/wp-json\/wp\/v2\/media?parent=901"}],"wp:term":[{"taxonomy":"product_brand","embeddable":true,"href":"https:\/\/divainers.com\/da\/wp-json\/wp\/v2\/product_brand?post=901"},{"taxonomy":"product_cat","embeddable":true,"href":"https:\/\/divainers.com\/da\/wp-json\/wp\/v2\/product_cat?post=901"},{"taxonomy":"product_tag","embeddable":true,"href":"https:\/\/divainers.com\/da\/wp-json\/wp\/v2\/product_tag?post=901"}],"curies":[{"name":"wp","href":"https:\/\/api.w.org\/{rel}","templated":true}]}}