{"id":9164,"date":"2025-01-31T08:33:39","date_gmt":"2025-01-31T07:33:39","guid":{"rendered":"https:\/\/divainers.com\/producto\/divain-100\/"},"modified":"2026-04-30T09:54:36","modified_gmt":"2026-04-30T07:54:36","slug":"divain-100","status":"publish","type":"product","link":"https:\/\/divainers.com\/da\/producto\/divain-100\/","title":{"rendered":"divain.100"},"content":{"rendered":"<p>En ren og naturlig duft, der fremkalder morgenens friskhed og naturens sarthed. Dens lyse \u00e5bning med citrus og gr\u00f8nne blade giver en forfriskende og let f\u00f8lelse. I hjertet omslutter en blomsterbuket af jasmin, rose og liljekonval duften med en bl\u00f8d og elegant femininitet. I bunden skaber musk og cedertr\u00e6 en varm og omsluttende duft, perfekt til den romantiske, rolige kvinde med en subtil charme, der efterlader et indtryk.<\/p>\n","protected":false},"excerpt":{"rendered":"<p>Ligner Agua de Rocio fra Victorio &#038; Lucchino<\/p>\n","protected":false},"featured_media":9158,"comment_status":"open","ping_status":"closed","template":"","meta":[],"product_brand":[],"product_cat":[2225],"product_tag":[1426],"class_list":{"0":"post-9164","1":"product","2":"type-product","3":"status-publish","4":"has-post-thumbnail","6":"product_cat-victorio-lucchino","7":"product_tag-kvinder","9":"first","10":"instock","11":"shipping-taxable","12":"product-type-simple"},"_links":{"self":[{"href":"https:\/\/divainers.com\/da\/wp-json\/wp\/v2\/product\/9164","targetHints":{"allow":["GET"]}}],"collection":[{"href":"https:\/\/divainers.com\/da\/wp-json\/wp\/v2\/product"}],"about":[{"href":"https:\/\/divainers.com\/da\/wp-json\/wp\/v2\/types\/product"}],"replies":[{"embeddable":true,"href":"https:\/\/divainers.com\/da\/wp-json\/wp\/v2\/comments?post=9164"}],"wp:featuredmedia":[{"embeddable":true,"href":"https:\/\/divainers.com\/da\/wp-json\/wp\/v2\/media\/9158"}],"wp:attachment":[{"href":"https:\/\/divainers.com\/da\/wp-json\/wp\/v2\/media?parent=9164"}],"wp:term":[{"taxonomy":"product_brand","embeddable":true,"href":"https:\/\/divainers.com\/da\/wp-json\/wp\/v2\/product_brand?post=9164"},{"taxonomy":"product_cat","embeddable":true,"href":"https:\/\/divainers.com\/da\/wp-json\/wp\/v2\/product_cat?post=9164"},{"taxonomy":"product_tag","embeddable":true,"href":"https:\/\/divainers.com\/da\/wp-json\/wp\/v2\/product_tag?post=9164"}],"curies":[{"name":"wp","href":"https:\/\/api.w.org\/{rel}","templated":true}]}}