{"id":9430,"date":"2025-01-31T08:32:10","date_gmt":"2025-01-31T07:32:10","guid":{"rendered":"https:\/\/divainers.com\/producto\/divain-935\/"},"modified":"2026-04-30T09:55:26","modified_gmt":"2026-04-30T07:55:26","slug":"divain-935","status":"publish","type":"product","link":"https:\/\/divainers.com\/da\/producto\/divain-935\/","title":{"rendered":"divain.935"},"content":{"rendered":"<p>En livlig og sprudlende duft, der v\u00e6kker sanserne med en eksplosion af friskhed og energi. Fra f\u00f8rste \u00f8jeblik kombineres de citrusagtige noter af appelsin og citron med et strejf af mandarin, hvilket skaber en f\u00f8lelse af lys og vitalitet, som en solstr\u00e5le p\u00e5 en str\u00e5lende dag. Efterh\u00e5nden som duften folder sig ud, tilf\u00f8jer en bl\u00f8d blomsteragtig akkord af jasmin og roser en feminin delikatesse, mens en varm bund af musk og cedertr\u00e6 giver en tr\u00e6agtig base, der balancerer friskhed og bl\u00f8dhed. Denne parfume er perfekt til dem, der s\u00f8ger en forfriskende og gl\u00e6desfyldt duftoplevelse, der efterlader en let, frisk og vital duftsti, ideel til \u00f8jeblikke af frihed og optimisme.<\/p>\n","protected":false},"excerpt":{"rendered":"<p>Ligner Chispas de Dana<\/p>\n","protected":false},"featured_media":3215,"comment_status":"open","ping_status":"closed","template":"","meta":[],"product_brand":[],"product_cat":[2312],"product_tag":[2313],"class_list":{"0":"post-9430","1":"product","2":"type-product","3":"status-publish","4":"has-post-thumbnail","6":"product_cat-dana","7":"product_tag-ninos-y-ninas","9":"first","10":"instock","11":"shipping-taxable","12":"product-type-simple"},"_links":{"self":[{"href":"https:\/\/divainers.com\/da\/wp-json\/wp\/v2\/product\/9430","targetHints":{"allow":["GET"]}}],"collection":[{"href":"https:\/\/divainers.com\/da\/wp-json\/wp\/v2\/product"}],"about":[{"href":"https:\/\/divainers.com\/da\/wp-json\/wp\/v2\/types\/product"}],"replies":[{"embeddable":true,"href":"https:\/\/divainers.com\/da\/wp-json\/wp\/v2\/comments?post=9430"}],"wp:featuredmedia":[{"embeddable":true,"href":"https:\/\/divainers.com\/da\/wp-json\/wp\/v2\/media\/3215"}],"wp:attachment":[{"href":"https:\/\/divainers.com\/da\/wp-json\/wp\/v2\/media?parent=9430"}],"wp:term":[{"taxonomy":"product_brand","embeddable":true,"href":"https:\/\/divainers.com\/da\/wp-json\/wp\/v2\/product_brand?post=9430"},{"taxonomy":"product_cat","embeddable":true,"href":"https:\/\/divainers.com\/da\/wp-json\/wp\/v2\/product_cat?post=9430"},{"taxonomy":"product_tag","embeddable":true,"href":"https:\/\/divainers.com\/da\/wp-json\/wp\/v2\/product_tag?post=9430"}],"curies":[{"name":"wp","href":"https:\/\/api.w.org\/{rel}","templated":true}]}}