{"id":947,"date":"2025-01-31T08:33:05","date_gmt":"2025-01-31T07:33:05","guid":{"rendered":"https:\/\/divainers.com\/producto\/divain-294\/"},"modified":"2026-03-16T16:08:07","modified_gmt":"2026-03-16T15:08:07","slug":"divain-294","status":"publish","type":"product","link":"https:\/\/divainers.com\/da\/producto\/divain-294\/","title":{"rendered":"divain.294"},"content":{"rendered":"<p>Es una fragancia fresca y vibrante con un car\u00e1cter limpio y sofisticado. Su apertura c\u00edtrica y acu\u00e1tica transmite una sensaci\u00f3n energizante, mientras que en el coraz\u00f3n se perciben notas arom\u00e1ticas y especiadas que a\u00f1aden dinamismo. La base combina maderas suaves y almizcle, otorg\u00e1ndole una estela elegante y vers\u00e1til, perfecta para el d\u00eda a d\u00eda.<\/p>\n","protected":false},"excerpt":{"rendered":"<p>Recuerda a Legend Spirit de Montblanc<\/p>\n","protected":false},"featured_media":3755,"comment_status":"open","ping_status":"closed","template":"","meta":[],"product_brand":[],"product_cat":[737],"product_tag":[1345],"class_list":{"0":"post-947","1":"product","2":"type-product","3":"status-publish","4":"has-post-thumbnail","6":"product_cat-montblanc","7":"product_tag-manner","9":"first","10":"instock","11":"shipping-taxable","12":"product-type-simple"},"_links":{"self":[{"href":"https:\/\/divainers.com\/da\/wp-json\/wp\/v2\/product\/947","targetHints":{"allow":["GET"]}}],"collection":[{"href":"https:\/\/divainers.com\/da\/wp-json\/wp\/v2\/product"}],"about":[{"href":"https:\/\/divainers.com\/da\/wp-json\/wp\/v2\/types\/product"}],"replies":[{"embeddable":true,"href":"https:\/\/divainers.com\/da\/wp-json\/wp\/v2\/comments?post=947"}],"wp:featuredmedia":[{"embeddable":true,"href":"https:\/\/divainers.com\/da\/wp-json\/wp\/v2\/media\/3755"}],"wp:attachment":[{"href":"https:\/\/divainers.com\/da\/wp-json\/wp\/v2\/media?parent=947"}],"wp:term":[{"taxonomy":"product_brand","embeddable":true,"href":"https:\/\/divainers.com\/da\/wp-json\/wp\/v2\/product_brand?post=947"},{"taxonomy":"product_cat","embeddable":true,"href":"https:\/\/divainers.com\/da\/wp-json\/wp\/v2\/product_cat?post=947"},{"taxonomy":"product_tag","embeddable":true,"href":"https:\/\/divainers.com\/da\/wp-json\/wp\/v2\/product_tag?post=947"}],"curies":[{"name":"wp","href":"https:\/\/api.w.org\/{rel}","templated":true}]}}