{"id":1004,"date":"2025-01-31T08:33:14","date_gmt":"2025-01-31T07:33:14","guid":{"rendered":"https:\/\/divainers.com\/producto\/divain-069\/"},"modified":"2026-03-16T16:08:12","modified_gmt":"2026-03-16T15:08:12","slug":"divain-069","status":"publish","type":"product","link":"https:\/\/divainers.com\/de\/producto\/divain-069\/","title":{"rendered":"divain.069"},"content":{"rendered":"<p>Un aroma rebelde y seductor que combina dulzura y misterio en una composici\u00f3n irresistible. Su apertura chispeante de ar\u00e1ndano y pimienta rosa aporta un toque afrutado y especiado, vibrante y atrevido. En el coraz\u00f3n, la flor de cacao y la violeta envuelven la fragancia en una feminidad envolvente y sensual. En el fondo, la vainilla negra, el pachul\u00ed y la madera de massoia crean una estela c\u00e1lida, intensa y adictiva, perfecta para la mujer apasionada, con car\u00e1cter y un magnetismo inigualable.<\/p>\n","protected":false},"excerpt":{"rendered":"<p>Recuerda a Black XS Woman de Paco Rabanne<\/p>\n","protected":false},"featured_media":3539,"comment_status":"open","ping_status":"closed","template":"","meta":[],"product_brand":[],"product_cat":[802],"product_tag":[1428],"class_list":{"0":"post-1004","1":"product","2":"type-product","3":"status-publish","4":"has-post-thumbnail","6":"product_cat-paco-rabanne","7":"product_tag-naiset","9":"first","10":"instock","11":"shipping-taxable","12":"product-type-simple"},"_links":{"self":[{"href":"https:\/\/divainers.com\/de\/wp-json\/wp\/v2\/product\/1004","targetHints":{"allow":["GET"]}}],"collection":[{"href":"https:\/\/divainers.com\/de\/wp-json\/wp\/v2\/product"}],"about":[{"href":"https:\/\/divainers.com\/de\/wp-json\/wp\/v2\/types\/product"}],"replies":[{"embeddable":true,"href":"https:\/\/divainers.com\/de\/wp-json\/wp\/v2\/comments?post=1004"}],"wp:featuredmedia":[{"embeddable":true,"href":"https:\/\/divainers.com\/de\/wp-json\/wp\/v2\/media\/3539"}],"wp:attachment":[{"href":"https:\/\/divainers.com\/de\/wp-json\/wp\/v2\/media?parent=1004"}],"wp:term":[{"taxonomy":"product_brand","embeddable":true,"href":"https:\/\/divainers.com\/de\/wp-json\/wp\/v2\/product_brand?post=1004"},{"taxonomy":"product_cat","embeddable":true,"href":"https:\/\/divainers.com\/de\/wp-json\/wp\/v2\/product_cat?post=1004"},{"taxonomy":"product_tag","embeddable":true,"href":"https:\/\/divainers.com\/de\/wp-json\/wp\/v2\/product_tag?post=1004"}],"curies":[{"name":"wp","href":"https:\/\/api.w.org\/{rel}","templated":true}]}}