{"id":1111,"date":"2025-01-31T08:33:27","date_gmt":"2025-01-31T07:33:27","guid":{"rendered":"https:\/\/divainers.com\/producto\/divain-068\/"},"modified":"2026-04-30T15:53:14","modified_gmt":"2026-04-30T13:53:14","slug":"divain-068","status":"publish","type":"product","link":"https:\/\/divainers.com\/de\/producto\/divain-068\/","title":{"rendered":"divain.068"},"content":{"rendered":"<p>Odva\u017ean i avangardan miris koji prkosi konvencijama jedinstvenom kombinacijom kontrasta. Svje\u017ei i svijetli po\u010detak smokve donosi so\u010dnu i kremastu slatko\u0107u, dok neo\u010dekivano srce od slanog kavijara dodaje hrabar i sofisticiran dodir. U bazi, drvenaste note i vetiver stvaraju dubok i obavijaju\u0107i trag, savr\u0161en za sigurnu, sna\u017enu \u017eenu s slobodnim duhom koja ostavlja neizbrisiv trag.<\/p>\n","protected":false},"excerpt":{"rendered":"<p>Podsje\u0107a na Womanity od Thierry Mugler<\/p>\n","protected":false},"featured_media":15084,"comment_status":"open","ping_status":"closed","template":"","meta":[],"product_brand":[],"product_cat":[3734],"product_tag":[1422],"class_list":{"0":"post-1111","1":"product","2":"type-product","3":"status-publish","4":"has-post-thumbnail","6":"product_cat-thierry-mugler","7":"product_tag-vrouwen","9":"first","10":"instock","11":"shipping-taxable","12":"product-type-simple"},"_links":{"self":[{"href":"https:\/\/divainers.com\/de\/wp-json\/wp\/v2\/product\/1111","targetHints":{"allow":["GET"]}}],"collection":[{"href":"https:\/\/divainers.com\/de\/wp-json\/wp\/v2\/product"}],"about":[{"href":"https:\/\/divainers.com\/de\/wp-json\/wp\/v2\/types\/product"}],"replies":[{"embeddable":true,"href":"https:\/\/divainers.com\/de\/wp-json\/wp\/v2\/comments?post=1111"}],"wp:featuredmedia":[{"embeddable":true,"href":"https:\/\/divainers.com\/de\/wp-json\/wp\/v2\/media\/15084"}],"wp:attachment":[{"href":"https:\/\/divainers.com\/de\/wp-json\/wp\/v2\/media?parent=1111"}],"wp:term":[{"taxonomy":"product_brand","embeddable":true,"href":"https:\/\/divainers.com\/de\/wp-json\/wp\/v2\/product_brand?post=1111"},{"taxonomy":"product_cat","embeddable":true,"href":"https:\/\/divainers.com\/de\/wp-json\/wp\/v2\/product_cat?post=1111"},{"taxonomy":"product_tag","embeddable":true,"href":"https:\/\/divainers.com\/de\/wp-json\/wp\/v2\/product_tag?post=1111"}],"curies":[{"name":"wp","href":"https:\/\/api.w.org\/{rel}","templated":true}]}}