{"id":1125,"date":"2025-01-31T08:33:29","date_gmt":"2025-01-31T07:33:29","guid":{"rendered":"https:\/\/divainers.com\/producto\/divain-304\/"},"modified":"2026-04-30T16:00:31","modified_gmt":"2026-04-30T14:00:31","slug":"divain-304","status":"publish","type":"product","link":"https:\/\/divainers.com\/de\/producto\/divain-304\/","title":{"rendered":"divain.304"},"content":{"rendered":"<p>To je misteriozan i sofisticiran miris s za\u010dinjenim otvaranjem gdje crni papar i mu\u0161katni ora\u0161\u010di\u0107 donose intenzitet i toplinu. U srcu se cvjetne note poput irisa i ru\u017ee spajaju s kremastim i blago orijentalnim akordom, pru\u017eaju\u0107i bar\u0161unast i elegantan dojam. Baza je duboka i zavodljiva, s vanilijom, jantarom i tamnim drvenim notama koje daju zagonetan i obavijaju\u0107i karakter. Idealno za no\u0107, odra\u017eava profinjen i karizmati\u010dan stil.<\/p>\n","protected":false},"excerpt":{"rendered":"<p>Podsje\u0107a na Noir od Tom Ford<\/p>\n","protected":false},"featured_media":15345,"comment_status":"open","ping_status":"closed","template":"","meta":[],"product_brand":[],"product_cat":[943],"product_tag":[25],"class_list":{"0":"post-1125","1":"product","2":"type-product","3":"status-publish","4":"has-post-thumbnail","6":"product_cat-tom-ford","7":"product_tag-hombre","9":"first","10":"instock","11":"shipping-taxable","12":"product-type-simple"},"_links":{"self":[{"href":"https:\/\/divainers.com\/de\/wp-json\/wp\/v2\/product\/1125","targetHints":{"allow":["GET"]}}],"collection":[{"href":"https:\/\/divainers.com\/de\/wp-json\/wp\/v2\/product"}],"about":[{"href":"https:\/\/divainers.com\/de\/wp-json\/wp\/v2\/types\/product"}],"replies":[{"embeddable":true,"href":"https:\/\/divainers.com\/de\/wp-json\/wp\/v2\/comments?post=1125"}],"wp:featuredmedia":[{"embeddable":true,"href":"https:\/\/divainers.com\/de\/wp-json\/wp\/v2\/media\/15345"}],"wp:attachment":[{"href":"https:\/\/divainers.com\/de\/wp-json\/wp\/v2\/media?parent=1125"}],"wp:term":[{"taxonomy":"product_brand","embeddable":true,"href":"https:\/\/divainers.com\/de\/wp-json\/wp\/v2\/product_brand?post=1125"},{"taxonomy":"product_cat","embeddable":true,"href":"https:\/\/divainers.com\/de\/wp-json\/wp\/v2\/product_cat?post=1125"},{"taxonomy":"product_tag","embeddable":true,"href":"https:\/\/divainers.com\/de\/wp-json\/wp\/v2\/product_tag?post=1125"}],"curies":[{"name":"wp","href":"https:\/\/api.w.org\/{rel}","templated":true}]}}