{"id":1138,"date":"2025-01-31T08:33:31","date_gmt":"2025-01-31T07:33:31","guid":{"rendered":"https:\/\/divainers.com\/producto\/divain-629\/"},"modified":"2026-04-30T16:10:47","modified_gmt":"2026-04-30T14:10:47","slug":"divain-629","status":"publish","type":"product","link":"https:\/\/divainers.com\/de\/producto\/divain-629\/","title":{"rendered":"divain.629"},"content":{"rendered":"<p>Sofisticirani, topao i egzoti\u010dan miris koji priziva osje\u0107aj misterije i zavodljive senzualnosti. Od samog otvaranja, cvjetne note jasmina i ru\u017ee isprepli\u0107u se s blagim za\u010dinima poput kardamoma, stvaraju\u0107i nje\u017enu, ali intrigantnu kombinaciju. U srcu, sandalovina donosi svoj prepoznatljiv kremasti i zemljani dodir, dok baza od jantara i mo\u0161usa pru\u017ea toplu i obavijaju\u0107u podlogu koja savr\u0161eno nadopunjuje cvjetnu i za\u010dinjenu eleganciju. Idealni parfem za one koji tra\u017ee drvenastu, cvjetnu i za\u010dinjenu notu, savr\u0161en za posebne ve\u010deri ili trenutke kada \u017eelite sofisticirani i nezaboravni miris koji ostavlja dubok i senzualan trag.<\/p>\n","protected":false},"excerpt":{"rendered":"<p>Podsje\u0107a na Santal Blush od Tom Ford<\/p>\n","protected":false},"featured_media":15604,"comment_status":"open","ping_status":"closed","template":"","meta":[],"product_brand":[],"product_cat":[4255],"product_tag":[1426],"class_list":{"0":"post-1138","1":"product","2":"type-product","3":"status-publish","4":"has-post-thumbnail","6":"product_cat-tom-ford","7":"product_tag-kvinder","9":"first","10":"instock","11":"shipping-taxable","12":"product-type-simple"},"_links":{"self":[{"href":"https:\/\/divainers.com\/de\/wp-json\/wp\/v2\/product\/1138","targetHints":{"allow":["GET"]}}],"collection":[{"href":"https:\/\/divainers.com\/de\/wp-json\/wp\/v2\/product"}],"about":[{"href":"https:\/\/divainers.com\/de\/wp-json\/wp\/v2\/types\/product"}],"replies":[{"embeddable":true,"href":"https:\/\/divainers.com\/de\/wp-json\/wp\/v2\/comments?post=1138"}],"wp:featuredmedia":[{"embeddable":true,"href":"https:\/\/divainers.com\/de\/wp-json\/wp\/v2\/media\/15604"}],"wp:attachment":[{"href":"https:\/\/divainers.com\/de\/wp-json\/wp\/v2\/media?parent=1138"}],"wp:term":[{"taxonomy":"product_brand","embeddable":true,"href":"https:\/\/divainers.com\/de\/wp-json\/wp\/v2\/product_brand?post=1138"},{"taxonomy":"product_cat","embeddable":true,"href":"https:\/\/divainers.com\/de\/wp-json\/wp\/v2\/product_cat?post=1138"},{"taxonomy":"product_tag","embeddable":true,"href":"https:\/\/divainers.com\/de\/wp-json\/wp\/v2\/product_tag?post=1138"}],"curies":[{"name":"wp","href":"https:\/\/api.w.org\/{rel}","templated":true}]}}