{"id":11738,"date":"2025-01-31T08:33:27","date_gmt":"2025-01-31T07:33:27","guid":{"rendered":"https:\/\/divainers.com\/producto\/divain-903\/"},"modified":"2026-04-30T10:53:15","modified_gmt":"2026-04-30T08:53:15","slug":"divain-903","status":"publish","type":"product","link":"https:\/\/divainers.com\/de\/producto\/divain-903\/","title":{"rendered":"divain.903"},"content":{"rendered":"<p>Ein bezaubernder und zarter Duft, der die Reinheit der Kindheit mit einer frischen und sanften Mischung aus leuchtenden Zitrusnoten und zarten Bl\u00fctent\u00f6nen heraufbeschw\u00f6rt. Die Er\u00f6ffnung ist ein Seufzer von Zitrone und s\u00fc\u00dfen Orangen, der die Sinne sofort mit jugendlicher Vitalit\u00e4t weckt. Im Verlauf entfalten sich Noten von Orangenbl\u00fcte und Jasmin, die eine warme und zarte Note hinzuf\u00fcgen, w\u00e4hrend die Basis aus Mandel und Vanille den Duft in eine tr\u00f6stliche Sanftheit h\u00fcllt und eine s\u00fc\u00dfe und leicht cremige Spur hinterl\u00e4sst. Dieses Parfum ist perfekt f\u00fcr alle, die einen leichten, frischen und zarten Duft suchen, der die Unschuld und Freude der ersten Momente widerspiegelt und ein Gef\u00fchl von W\u00e4rme und Frische schafft, das den ganzen Tag sanft anh\u00e4lt.<\/p>\n","protected":false},"excerpt":{"rendered":"<p>Erinnert an Ptisenbon von Tartine et Chocolat<\/p>\n","protected":false},"featured_media":3193,"comment_status":"open","ping_status":"closed","template":"","meta":[],"product_brand":[],"product_cat":[3450],"product_tag":[2321],"class_list":{"0":"post-11738","1":"product","2":"type-product","3":"status-publish","4":"has-post-thumbnail","6":"product_cat-tartine-et-chocolat","7":"product_tag-ninos-y-ninas","9":"first","10":"instock","11":"shipping-taxable","12":"product-type-simple"},"_links":{"self":[{"href":"https:\/\/divainers.com\/de\/wp-json\/wp\/v2\/product\/11738","targetHints":{"allow":["GET"]}}],"collection":[{"href":"https:\/\/divainers.com\/de\/wp-json\/wp\/v2\/product"}],"about":[{"href":"https:\/\/divainers.com\/de\/wp-json\/wp\/v2\/types\/product"}],"replies":[{"embeddable":true,"href":"https:\/\/divainers.com\/de\/wp-json\/wp\/v2\/comments?post=11738"}],"wp:featuredmedia":[{"embeddable":true,"href":"https:\/\/divainers.com\/de\/wp-json\/wp\/v2\/media\/3193"}],"wp:attachment":[{"href":"https:\/\/divainers.com\/de\/wp-json\/wp\/v2\/media?parent=11738"}],"wp:term":[{"taxonomy":"product_brand","embeddable":true,"href":"https:\/\/divainers.com\/de\/wp-json\/wp\/v2\/product_brand?post=11738"},{"taxonomy":"product_cat","embeddable":true,"href":"https:\/\/divainers.com\/de\/wp-json\/wp\/v2\/product_cat?post=11738"},{"taxonomy":"product_tag","embeddable":true,"href":"https:\/\/divainers.com\/de\/wp-json\/wp\/v2\/product_tag?post=11738"}],"curies":[{"name":"wp","href":"https:\/\/api.w.org\/{rel}","templated":true}]}}