{"id":11783,"date":"2025-01-31T08:33:27","date_gmt":"2025-01-31T07:33:27","guid":{"rendered":"https:\/\/divainers.com\/producto\/divain-781\/"},"modified":"2026-04-30T10:53:27","modified_gmt":"2026-04-30T08:53:27","slug":"divain-781","status":"publish","type":"product","link":"https:\/\/divainers.com\/de\/producto\/divain-781\/","title":{"rendered":"divain.781"},"content":{"rendered":"<p>Dieser Unisex-Duft er\u00f6ffnet mit einer w\u00fcrzigen und zitrischen Kopfnote, in der Koriander und Kreuzk\u00fcmmel sich mit frischen Noten verweben und ein Gef\u00fchl von W\u00e4rme und Raffinesse schaffen. Im Herzen verleihen Zeder und Jasmin eine holzige und florale Eleganz, die die Ruhe der W\u00fcstenlandschaften heraufbeschw\u00f6rt. Die Basis aus Patchouli, grauem Amber und Harzen f\u00fcgt eine balsamische und erdige Tiefe hinzu, die den nat\u00fcrlichen Reichtum des Maghreb widerspiegelt. Diese Komposition, pr\u00e4sentiert in einer luxuri\u00f6sen Konzentration von Parf\u00fcmextrakt, bietet ein einzigartiges sensorisches Erlebnis, das die Essenz der W\u00fcste einf\u00e4ngt.<\/p>\n","protected":false},"excerpt":{"rendered":"<p>Erinnert an Au Coeur du D\u00e9sert von Tauer<\/p>\n","protected":false},"featured_media":11778,"comment_status":"open","ping_status":"closed","template":"","meta":[],"product_brand":[],"product_cat":[3472],"product_tag":[1402],"class_list":{"0":"post-11783","1":"product","2":"type-product","3":"status-publish","4":"has-post-thumbnail","6":"product_cat-tauer","7":"product_tag-unisex","9":"first","10":"instock","11":"shipping-taxable","12":"product-type-simple"},"_links":{"self":[{"href":"https:\/\/divainers.com\/de\/wp-json\/wp\/v2\/product\/11783","targetHints":{"allow":["GET"]}}],"collection":[{"href":"https:\/\/divainers.com\/de\/wp-json\/wp\/v2\/product"}],"about":[{"href":"https:\/\/divainers.com\/de\/wp-json\/wp\/v2\/types\/product"}],"replies":[{"embeddable":true,"href":"https:\/\/divainers.com\/de\/wp-json\/wp\/v2\/comments?post=11783"}],"wp:featuredmedia":[{"embeddable":true,"href":"https:\/\/divainers.com\/de\/wp-json\/wp\/v2\/media\/11778"}],"wp:attachment":[{"href":"https:\/\/divainers.com\/de\/wp-json\/wp\/v2\/media?parent=11783"}],"wp:term":[{"taxonomy":"product_brand","embeddable":true,"href":"https:\/\/divainers.com\/de\/wp-json\/wp\/v2\/product_brand?post=11783"},{"taxonomy":"product_cat","embeddable":true,"href":"https:\/\/divainers.com\/de\/wp-json\/wp\/v2\/product_cat?post=11783"},{"taxonomy":"product_tag","embeddable":true,"href":"https:\/\/divainers.com\/de\/wp-json\/wp\/v2\/product_tag?post=11783"}],"curies":[{"name":"wp","href":"https:\/\/api.w.org\/{rel}","templated":true}]}}