{"id":1180,"date":"2025-01-31T08:33:36","date_gmt":"2025-01-31T07:33:36","guid":{"rendered":"https:\/\/divainers.com\/producto\/divain-435\/"},"modified":"2026-04-30T16:04:17","modified_gmt":"2026-04-30T14:04:17","slug":"divain-435","status":"publish","type":"product","link":"https:\/\/divainers.com\/de\/producto\/divain-435\/","title":{"rendered":"divain.435"},"content":{"rendered":"<p>\u017divahan i sofisticiran miris koji spaja svje\u017einu i karakter s dozom hrabrosti. Otvaranje iznena\u0111uje svjetlucavom eksplozijom bergamota i zelenog \u010daja, stvaraju\u0107i osvje\u017eavaju\u0107i i elegantan dojam. U srcu se nalazi aromati\u010dno i za\u010dinjeno srce kave i geranija koje daje dubinu i intrigantan magnetizam. Na kraju, baza od jantarnih drvenih nota i vanilije obavija ko\u017eu toplim, senzualnim i sofisticiranim tragom. Moderan i karizmati\u010dan parfem, idealan za one koji tra\u017ee svje\u017einu s neo\u010dekivanim zaokretom i prepoznatljivim prisustvom.<\/p>\n","protected":false},"excerpt":{"rendered":"<p>Podsje\u0107a na Born in Roma Uomo Green Stravaganza od Valentino<\/p>\n","protected":false},"featured_media":15450,"comment_status":"open","ping_status":"closed","template":"","meta":[],"product_brand":[],"product_cat":[4550],"product_tag":[1346],"class_list":{"0":"post-1180","1":"product","2":"type-product","3":"status-publish","4":"has-post-thumbnail","6":"product_cat-valentino","7":"product_tag-men","9":"first","10":"instock","11":"shipping-taxable","12":"product-type-simple"},"_links":{"self":[{"href":"https:\/\/divainers.com\/de\/wp-json\/wp\/v2\/product\/1180","targetHints":{"allow":["GET"]}}],"collection":[{"href":"https:\/\/divainers.com\/de\/wp-json\/wp\/v2\/product"}],"about":[{"href":"https:\/\/divainers.com\/de\/wp-json\/wp\/v2\/types\/product"}],"replies":[{"embeddable":true,"href":"https:\/\/divainers.com\/de\/wp-json\/wp\/v2\/comments?post=1180"}],"wp:featuredmedia":[{"embeddable":true,"href":"https:\/\/divainers.com\/de\/wp-json\/wp\/v2\/media\/15450"}],"wp:attachment":[{"href":"https:\/\/divainers.com\/de\/wp-json\/wp\/v2\/media?parent=1180"}],"wp:term":[{"taxonomy":"product_brand","embeddable":true,"href":"https:\/\/divainers.com\/de\/wp-json\/wp\/v2\/product_brand?post=1180"},{"taxonomy":"product_cat","embeddable":true,"href":"https:\/\/divainers.com\/de\/wp-json\/wp\/v2\/product_cat?post=1180"},{"taxonomy":"product_tag","embeddable":true,"href":"https:\/\/divainers.com\/de\/wp-json\/wp\/v2\/product_tag?post=1180"}],"curies":[{"name":"wp","href":"https:\/\/api.w.org\/{rel}","templated":true}]}}