{"id":1212,"date":"2025-01-31T08:33:40","date_gmt":"2025-01-31T07:33:40","guid":{"rendered":"https:\/\/divainers.com\/producto\/divain-034\/"},"modified":"2026-04-30T15:52:42","modified_gmt":"2026-04-30T13:52:42","slug":"divain-034","status":"publish","type":"product","link":"https:\/\/divainers.com\/de\/producto\/divain-034\/","title":{"rendered":"divain.034"},"content":{"rendered":"<p>Intenzivan i zavodljiv miris koji utjelovljuje misterioznu eleganciju no\u0107i. Njegov vibrantni po\u010detak s kardamomom donosi za\u010dinski i obavijaju\u0107i dodir, dok srce od lavande i cedra uravnote\u017euje miris suptilnom i magnetskom sofisticirano\u0161\u0107u. U bazi, note tonka graha i vetivera stvaraju toplu i duboko neodoljivu stazu. Savr\u0161en za karizmati\u010dnog i enigmati\u010dnog mu\u0161karca koji ostavlja trag na svakom susretu.<\/p>\n","protected":false},"excerpt":{"rendered":"<p>Podsje\u0107a na La Nuit de L&#8217;Homme od Yves Saint Laurent<\/p>\n","protected":false},"featured_media":15063,"comment_status":"open","ping_status":"closed","template":"","meta":[],"product_brand":[],"product_cat":[2246],"product_tag":[1358],"class_list":{"0":"post-1212","1":"product","2":"type-product","3":"status-publish","4":"has-post-thumbnail","6":"product_cat-yves-saint-laurent","7":"product_tag-mannen","9":"first","10":"instock","11":"shipping-taxable","12":"product-type-simple"},"_links":{"self":[{"href":"https:\/\/divainers.com\/de\/wp-json\/wp\/v2\/product\/1212","targetHints":{"allow":["GET"]}}],"collection":[{"href":"https:\/\/divainers.com\/de\/wp-json\/wp\/v2\/product"}],"about":[{"href":"https:\/\/divainers.com\/de\/wp-json\/wp\/v2\/types\/product"}],"replies":[{"embeddable":true,"href":"https:\/\/divainers.com\/de\/wp-json\/wp\/v2\/comments?post=1212"}],"wp:featuredmedia":[{"embeddable":true,"href":"https:\/\/divainers.com\/de\/wp-json\/wp\/v2\/media\/15063"}],"wp:attachment":[{"href":"https:\/\/divainers.com\/de\/wp-json\/wp\/v2\/media?parent=1212"}],"wp:term":[{"taxonomy":"product_brand","embeddable":true,"href":"https:\/\/divainers.com\/de\/wp-json\/wp\/v2\/product_brand?post=1212"},{"taxonomy":"product_cat","embeddable":true,"href":"https:\/\/divainers.com\/de\/wp-json\/wp\/v2\/product_cat?post=1212"},{"taxonomy":"product_tag","embeddable":true,"href":"https:\/\/divainers.com\/de\/wp-json\/wp\/v2\/product_tag?post=1212"}],"curies":[{"name":"wp","href":"https:\/\/api.w.org\/{rel}","templated":true}]}}