{"id":12320,"date":"2025-01-31T08:33:27","date_gmt":"2025-01-31T07:33:27","guid":{"rendered":"https:\/\/divainers.com\/producto\/divain-036\/"},"modified":"2026-04-30T10:56:42","modified_gmt":"2026-04-30T08:56:42","slug":"divain-036","status":"publish","type":"product","link":"https:\/\/divainers.com\/de\/producto\/divain-036\/","title":{"rendered":"divain.036"},"content":{"rendered":"<p>Ein kraftvoller und avantgardistischer Duft, der Intensit\u00e4t und Raffinesse in einer unvergesslichen Komposition vereint. Die lebendige Er\u00f6ffnung mit Minze und Lavendel sorgt f\u00fcr Frische, w\u00e4hrend ein s\u00fcchtig machendes Herz aus Kaffee und Karamell eine s\u00fc\u00dfe und w\u00fcrzige Note hinzuf\u00fcgt und ein warmes, umh\u00fcllendes Gef\u00fchl schafft. Im Fond verst\u00e4rken Patchouli, Moschus und Vanille seinen tiefen und magnetischen Charakter und hinterlassen eine intensive und langanhaltende Spur. Perfekt f\u00fcr den mutigen und charismatischen Mann, der einen einzigartigen Duft mit einer mitrei\u00dfenden Pers\u00f6nlichkeit sucht.<\/p>\n","protected":false},"excerpt":{"rendered":"<p>Erinnert an A*Men von Thierry Mugler<\/p>\n","protected":false},"featured_media":12318,"comment_status":"open","ping_status":"closed","template":"","meta":[],"product_brand":[],"product_cat":[3742],"product_tag":[1345],"class_list":{"0":"post-12320","1":"product","2":"type-product","3":"status-publish","4":"has-post-thumbnail","6":"product_cat-thierry-mugler","7":"product_tag-manner","9":"first","10":"instock","11":"shipping-taxable","12":"product-type-simple"},"_links":{"self":[{"href":"https:\/\/divainers.com\/de\/wp-json\/wp\/v2\/product\/12320","targetHints":{"allow":["GET"]}}],"collection":[{"href":"https:\/\/divainers.com\/de\/wp-json\/wp\/v2\/product"}],"about":[{"href":"https:\/\/divainers.com\/de\/wp-json\/wp\/v2\/types\/product"}],"replies":[{"embeddable":true,"href":"https:\/\/divainers.com\/de\/wp-json\/wp\/v2\/comments?post=12320"}],"wp:featuredmedia":[{"embeddable":true,"href":"https:\/\/divainers.com\/de\/wp-json\/wp\/v2\/media\/12318"}],"wp:attachment":[{"href":"https:\/\/divainers.com\/de\/wp-json\/wp\/v2\/media?parent=12320"}],"wp:term":[{"taxonomy":"product_brand","embeddable":true,"href":"https:\/\/divainers.com\/de\/wp-json\/wp\/v2\/product_brand?post=12320"},{"taxonomy":"product_cat","embeddable":true,"href":"https:\/\/divainers.com\/de\/wp-json\/wp\/v2\/product_cat?post=12320"},{"taxonomy":"product_tag","embeddable":true,"href":"https:\/\/divainers.com\/de\/wp-json\/wp\/v2\/product_tag?post=12320"}],"curies":[{"name":"wp","href":"https:\/\/api.w.org\/{rel}","templated":true}]}}