{"id":12867,"date":"2025-01-31T08:33:28","date_gmt":"2025-01-31T07:33:28","guid":{"rendered":"https:\/\/divainers.com\/producto\/divain-426\/"},"modified":"2026-04-30T10:59:38","modified_gmt":"2026-04-30T08:59:38","slug":"divain-426","status":"publish","type":"product","link":"https:\/\/divainers.com\/de\/producto\/divain-426\/","title":{"rendered":"divain.426"},"content":{"rendered":"<p>Ein magnetischer und umh\u00fcllender Duft, der die Sinne mit seiner opulenten Mischung aus saftigen Fr\u00fcchten und sinnlichen H\u00f6lzern weckt. Vom ersten Moment an erf\u00fcllt eine fruchtige Explosion aus Passionsfrucht, Pfirsich und schwarzer Johannisbeere die Luft mit exotischer und verf\u00fchrerischer S\u00fc\u00dfe. Im Herzen verwebt sich ein zarter Blumenakkord mit bernsteinfarbenen Nuancen und verleiht Tiefe und Geheimnis. Schlie\u00dflich schafft die Basis aus Moschus, Patchouli und Sandelholz eine cremige und s\u00fcchtig machende Spur, die einen unvergesslichen Eindruck hinterl\u00e4sst. Ein hypnotischer und verf\u00fchrerischer Duft, ideal f\u00fcr alle, die eine intensive, raffinierte und charaktervolle Komposition suchen.<\/p>\n","protected":false},"excerpt":{"rendered":"<p>Erinnert an Kirke von Tiziana Terenzi<\/p>\n","protected":false},"featured_media":12866,"comment_status":"open","ping_status":"closed","template":"","meta":[],"product_brand":[],"product_cat":[4016],"product_tag":[1402],"class_list":{"0":"post-12867","1":"product","2":"type-product","3":"status-publish","4":"has-post-thumbnail","6":"product_cat-tiziana-terenzi","7":"product_tag-unisex","9":"first","10":"instock","11":"shipping-taxable","12":"product-type-simple"},"_links":{"self":[{"href":"https:\/\/divainers.com\/de\/wp-json\/wp\/v2\/product\/12867","targetHints":{"allow":["GET"]}}],"collection":[{"href":"https:\/\/divainers.com\/de\/wp-json\/wp\/v2\/product"}],"about":[{"href":"https:\/\/divainers.com\/de\/wp-json\/wp\/v2\/types\/product"}],"replies":[{"embeddable":true,"href":"https:\/\/divainers.com\/de\/wp-json\/wp\/v2\/comments?post=12867"}],"wp:featuredmedia":[{"embeddable":true,"href":"https:\/\/divainers.com\/de\/wp-json\/wp\/v2\/media\/12866"}],"wp:attachment":[{"href":"https:\/\/divainers.com\/de\/wp-json\/wp\/v2\/media?parent=12867"}],"wp:term":[{"taxonomy":"product_brand","embeddable":true,"href":"https:\/\/divainers.com\/de\/wp-json\/wp\/v2\/product_brand?post=12867"},{"taxonomy":"product_cat","embeddable":true,"href":"https:\/\/divainers.com\/de\/wp-json\/wp\/v2\/product_cat?post=12867"},{"taxonomy":"product_tag","embeddable":true,"href":"https:\/\/divainers.com\/de\/wp-json\/wp\/v2\/product_tag?post=12867"}],"curies":[{"name":"wp","href":"https:\/\/api.w.org\/{rel}","templated":true}]}}