{"id":13434,"date":"2025-01-31T08:33:35","date_gmt":"2025-01-31T07:33:35","guid":{"rendered":"https:\/\/divainers.com\/producto\/divain-092\/"},"modified":"2026-04-30T11:03:35","modified_gmt":"2026-04-30T09:03:35","slug":"divain-092","status":"publish","type":"product","link":"https:\/\/divainers.com\/de\/producto\/divain-092\/","title":{"rendered":"divain.092"},"content":{"rendered":"<p>Ein frischer und lebendiger Duft, der die Essenz von Jugend und Freiheit einf\u00e4ngt. Seine spritzige Er\u00f6ffnung mit Apfel, schwarzer Johannisbeere und Mandarine verleiht eine helle und erfrischende Energie. Im Herzen umh\u00fcllt die Kombination aus Rose, Lilie und Gei\u00dfblatt den Duft mit sanfter und nat\u00fcrlicher Weiblichkeit. Im Fond schaffen Sandelholz und Zeder eine warme und leichte Spur, perfekt f\u00fcr die spontane, optimistische Frau mit freiem Geist, die jeden Moment genie\u00dft.<\/p>\n","protected":false},"excerpt":{"rendered":"<p>Erinnert an Tommy Girl von Tommy Hilfiger<\/p>\n","protected":false},"featured_media":13430,"comment_status":"open","ping_status":"closed","template":"","meta":[],"product_brand":[],"product_cat":[4282],"product_tag":[1420],"class_list":{"0":"post-13434","1":"product","2":"type-product","3":"status-publish","4":"has-post-thumbnail","6":"product_cat-tommy-hilfiger","7":"product_tag-frauen","9":"first","10":"instock","11":"shipping-taxable","12":"product-type-simple"},"_links":{"self":[{"href":"https:\/\/divainers.com\/de\/wp-json\/wp\/v2\/product\/13434","targetHints":{"allow":["GET"]}}],"collection":[{"href":"https:\/\/divainers.com\/de\/wp-json\/wp\/v2\/product"}],"about":[{"href":"https:\/\/divainers.com\/de\/wp-json\/wp\/v2\/types\/product"}],"replies":[{"embeddable":true,"href":"https:\/\/divainers.com\/de\/wp-json\/wp\/v2\/comments?post=13434"}],"wp:featuredmedia":[{"embeddable":true,"href":"https:\/\/divainers.com\/de\/wp-json\/wp\/v2\/media\/13430"}],"wp:attachment":[{"href":"https:\/\/divainers.com\/de\/wp-json\/wp\/v2\/media?parent=13434"}],"wp:term":[{"taxonomy":"product_brand","embeddable":true,"href":"https:\/\/divainers.com\/de\/wp-json\/wp\/v2\/product_brand?post=13434"},{"taxonomy":"product_cat","embeddable":true,"href":"https:\/\/divainers.com\/de\/wp-json\/wp\/v2\/product_cat?post=13434"},{"taxonomy":"product_tag","embeddable":true,"href":"https:\/\/divainers.com\/de\/wp-json\/wp\/v2\/product_tag?post=13434"}],"curies":[{"name":"wp","href":"https:\/\/api.w.org\/{rel}","templated":true}]}}