{"id":13945,"date":"2025-01-31T08:33:35","date_gmt":"2025-01-31T07:33:35","guid":{"rendered":"https:\/\/divainers.com\/producto\/divain-061\/"},"modified":"2026-04-30T11:06:13","modified_gmt":"2026-04-30T09:06:13","slug":"divain-061","status":"publish","type":"product","link":"https:\/\/divainers.com\/de\/producto\/divain-061\/","title":{"rendered":"divain.061"},"content":{"rendered":"<p>Ein sanfter und eleganter Duft, der in jeder Note Frische und Zartheit vermittelt. Die leuchtende Er\u00f6ffnung mit Bergamotte und Veilchenbl\u00e4ttern verleiht eine zitrische und gr\u00fcne Note, w\u00e4hrend ein blumiges Herz aus Rose, Pfingstrose und Jasmin die Duftkomposition mit Weiblichkeit und Raffinesse umh\u00fcllt. Im Fond schaffen wei\u00dfer Moschus und Zeder eine warme und umh\u00fcllende Spur, perfekt f\u00fcr die subtile, elegante Frau mit nat\u00fcrlichem Charme.<\/p>\n","protected":false},"excerpt":{"rendered":"<p>Erinnert an Tous von Tous<\/p>\n","protected":false},"featured_media":13942,"comment_status":"open","ping_status":"closed","template":"","meta":[],"product_brand":[],"product_cat":[4529],"product_tag":[1420],"class_list":{"0":"post-13945","1":"product","2":"type-product","3":"status-publish","4":"has-post-thumbnail","6":"product_cat-tous","7":"product_tag-frauen","9":"first","10":"instock","11":"shipping-taxable","12":"product-type-simple"},"_links":{"self":[{"href":"https:\/\/divainers.com\/de\/wp-json\/wp\/v2\/product\/13945","targetHints":{"allow":["GET"]}}],"collection":[{"href":"https:\/\/divainers.com\/de\/wp-json\/wp\/v2\/product"}],"about":[{"href":"https:\/\/divainers.com\/de\/wp-json\/wp\/v2\/types\/product"}],"replies":[{"embeddable":true,"href":"https:\/\/divainers.com\/de\/wp-json\/wp\/v2\/comments?post=13945"}],"wp:featuredmedia":[{"embeddable":true,"href":"https:\/\/divainers.com\/de\/wp-json\/wp\/v2\/media\/13942"}],"wp:attachment":[{"href":"https:\/\/divainers.com\/de\/wp-json\/wp\/v2\/media?parent=13945"}],"wp:term":[{"taxonomy":"product_brand","embeddable":true,"href":"https:\/\/divainers.com\/de\/wp-json\/wp\/v2\/product_brand?post=13945"},{"taxonomy":"product_cat","embeddable":true,"href":"https:\/\/divainers.com\/de\/wp-json\/wp\/v2\/product_cat?post=13945"},{"taxonomy":"product_tag","embeddable":true,"href":"https:\/\/divainers.com\/de\/wp-json\/wp\/v2\/product_tag?post=13945"}],"curies":[{"name":"wp","href":"https:\/\/api.w.org\/{rel}","templated":true}]}}